{"id":174,"date":"2014-10-08T17:19:16","date_gmt":"2014-10-08T17:19:16","guid":{"rendered":"http:\/\/in2.info\/in2info\/home\/"},"modified":"2019-09-08T15:57:31","modified_gmt":"2019-09-08T13:57:31","slug":"home","status":"publish","type":"page","link":"https:\/\/in2.info\/in2info\/","title":{"rendered":"Home"},"content":{"rendered":"<div id=\"pl-174\"  class=\"panel-layout\" ><div id=\"pg-174-0\"  class=\"panel-grid panel-has-style\" ><div class=\"siteorigin-panels-stretch panel-row-style panel-row-style-for-174-0\" data-stretch-type=\"full\" ><div id=\"pgc-174-0-0\"  class=\"panel-grid-cell\" ><div id=\"panel-174-0-0-0\" class=\"so-panel widget widget_text panel-first-child\" data-index=\"0\" ><div class=\"panel-widget-style panel-widget-style-for-174-0-0-0\" >\t\t\t<div class=\"textwidget\"><p><\/br><\/p>\n<p style=\"text-align: center;\">\n<div class=\"su-button-center\"><a href=\"https:\/\/in2.info\/in2info\/gesamtpaket\/\" class=\"su-button su-button-style-default\" style=\"color:#0e100e;background-color:#ffffff;border-color:#cccccc;border-radius:10px\" target=\"_self\"><span style=\"color:#0e100e;padding:0px 30px;font-size:22px;line-height:44px;border-color:#ffffff;border-radius:10px;text-shadow:0px 0px 0px #000000\"> Sie suchen ein Gesamtpaket f\u00fcr Ihre Homepage?<\/span><\/a><\/div><\/p>\n<\/div>\n\t\t<\/div><\/div><div id=\"panel-174-0-0-1\" class=\"so-panel widget widget_sow-features\" data-index=\"1\" ><div\n\t\t\t\n\t\t\tclass=\"so-widget-sow-features so-widget-sow-features-default-6db3b0ccce48-174\"\n\t\t\t\n\t\t><ul\n\tclass=\"sow-features-list\n\tsow-features-responsive\">\n\n\t\t\t<li\n\t\t\tclass=\"sow-features-feature sow-icon-container-position-top\"\n\t\t\tstyle=\"display: flex; flex-direction: column; width: calc(100% - 25px);\"\n\t\t>\n\t\t\t\n\t\t\t\t\t\t<div\t\t\t\tclass=\"sow-icon-container sow-container-round\"\n\t\t\t\tstyle=\"color: #ffc107; \"\n\t\t\t\t\n\t\t\t\t\t\t\t>\n\t\t\t\t<span class=\"sow-icon-fontawesome sow-far\" data-sow-icon=\"&#xf0eb;\"\n\t\tstyle=\"font-size: 84px; color: #FFFFFF\" \n\t\taria-hidden=\"true\"><\/span>\t\t\t<\/div>\n\n\t\t\t<div class=\"textwidget\">\n\t\t\t\t\n\t\t\t\t\t\t\t\t\t<h5 class=\"sow-features-feature-title\">\n\t\t\t\t\t\tIch begleite Sie von der ersten Idee, \u00fcber die Umsetzung bis zum erfolgreichen Auftritt.    Webdesign, Hosting und laufende Betreuung vom Fachmann!\t\t\t\t\t<\/h5>\n\t\t\t\t\n\t\t\t\t\t\t\t<\/div>\n\t\t\t\t\t\t\t\t<\/li>\n\n\t<\/ul>\n<\/div><\/div><div id=\"panel-174-0-0-2\" class=\"so-panel widget widget_sow-features\" data-index=\"2\" ><div\n\t\t\t\n\t\t\tclass=\"so-widget-sow-features so-widget-sow-features-default-a299c52f4ee4-174\"\n\t\t\t\n\t\t><ul\n\tclass=\"sow-features-list\n\tsow-features-responsive\">\n\n\t\t\t<li\n\t\t\tclass=\"sow-features-feature sow-icon-container-position-top\"\n\t\t\tstyle=\"display: flex; flex-direction: column; width: calc(25% - 25px);\"\n\t\t>\n\t\t\t\n\t\t\t\t\t\t<a\t\t\t\tclass=\"sow-icon-container sow-container-rounded-square\"\n\t\t\t\tstyle=\"color: #8bc34a; \"\n\t\t\t\t\n\t\t\t\t\t\t\t\t\thref=\"https:\/\/in2.info\/in2info\/gesamtpaket\/\"\n\t\t\t\t\t\t\t\t>\n\t\t\t\t<span class=\"sow-icon-icomoon\" data-sow-icon=\"&#xe900;\"\n\t\tstyle=\"font-size: 100px; color: #ffffff\" \n\t\taria-hidden=\"true\"><\/span>\t\t\t<\/a>\n\n\t\t\t<div class=\"textwidget\">\n\t\t\t\t\n\t\t\t\t\t\t\t\t\t<h5 class=\"sow-features-feature-title\">\n\t\t\t\t\t\t\t\t\t\t\t\t\t<a\n\t\t\t\t\t\t\t\thref=\"https:\/\/in2.info\/in2info\/gesamtpaket\/\"\n\t\t\t\t\t\t\t\t\t\t\t\t\t\t\t>\n\t\t\t\t\t\t\tDas Gesamtpaket\t\t\t\t\t\t\t<\/a>\n\t\t\t\t\t\t\t\t\t\t\t\t<\/h5>\n\t\t\t\t\n\t\t\t\t\t\t\t\t\t<div class=\"sow-features-feature-text\">\n\t\t\t\t\t<p>Webdesign, Hosting und Support aus einer Hand vom Fachmann!<\/p>\n\t\t\t\t\t<\/div>\n\t\t\t\t\t\t\t\t<\/div>\n\t\t\t\t\t\t\t\t<\/li>\n\n\t\t\t<li\n\t\t\tclass=\"sow-features-feature sow-icon-container-position-top\"\n\t\t\tstyle=\"display: flex; flex-direction: column; width: calc(25% - 25px);\"\n\t\t>\n\t\t\t\n\t\t\t\t\t\t<a\t\t\t\tclass=\"sow-icon-container sow-container-rounded-square\"\n\t\t\t\tstyle=\"color: #ffc107; \"\n\t\t\t\t\n\t\t\t\t\t\t\t\t\thref=\"https:\/\/in2.info\/in2info\/beratung\/\"\n\t\t\t\t\t\t\t\t>\n\t\t\t\t<span class=\"sow-icon-icomoon\" data-sow-icon=\"&#xe942;\"\n\t\tstyle=\"font-size: 100px; color: #ffffff\" \n\t\taria-hidden=\"true\"><\/span>\t\t\t<\/a>\n\n\t\t\t<div class=\"textwidget\">\n\t\t\t\t\n\t\t\t\t\t\t\t\t\t<h5 class=\"sow-features-feature-title\">\n\t\t\t\t\t\t\t\t\t\t\t\t\t<a\n\t\t\t\t\t\t\t\thref=\"https:\/\/in2.info\/in2info\/beratung\/\"\n\t\t\t\t\t\t\t\t\t\t\t\t\t\t\t>\n\t\t\t\t\t\t\tSupport\t\t\t\t\t\t\t<\/a>\n\t\t\t\t\t\t\t\t\t\t\t\t<\/h5>\n\t\t\t\t\n\t\t\t\t\t\t\t\t\t<div class=\"sow-features-feature-text\">\n\t\t\t\t\t<p>Laufende Beratung und Betreuung - Ich lasse Sie nicht im Stich!<\/p>\n\t\t\t\t\t<\/div>\n\t\t\t\t\t\t\t\t<\/div>\n\t\t\t\t\t\t\t\t<\/li>\n\n\t\t\t<li\n\t\t\tclass=\"sow-features-feature sow-icon-container-position-top\"\n\t\t\tstyle=\"display: flex; flex-direction: column; width: calc(25% - 25px);\"\n\t\t>\n\t\t\t\n\t\t\t\t\t\t<a\t\t\t\tclass=\"sow-icon-container sow-container-rounded-square\"\n\t\t\t\tstyle=\"color: #607d8b; \"\n\t\t\t\t\n\t\t\t\t\t\t\t\t\thref=\"https:\/\/in2.info\/in2info\/referenzen\/\"\n\t\t\t\t\t\t\t\t>\n\t\t\t\t<span class=\"sow-icon-icomoon\" data-sow-icon=\"&#xe9ca;\"\n\t\tstyle=\"font-size: 100px; color: #ffffff\" \n\t\taria-hidden=\"true\"><\/span>\t\t\t<\/a>\n\n\t\t\t<div class=\"textwidget\">\n\t\t\t\t\n\t\t\t\t\t\t\t\t\t<h5 class=\"sow-features-feature-title\">\n\t\t\t\t\t\t\t\t\t\t\t\t\t<a\n\t\t\t\t\t\t\t\thref=\"https:\/\/in2.info\/in2info\/referenzen\/\"\n\t\t\t\t\t\t\t\t\t\t\t\t\t\t\t>\n\t\t\t\t\t\t\tReferenzen\t\t\t\t\t\t\t<\/a>\n\t\t\t\t\t\t\t\t\t\t\t\t<\/h5>\n\t\t\t\t\n\t\t\t\t\t\t\t\t\t<div class=\"sow-features-feature-text\">\n\t\t\t\t\t<p>Eine \u00dcbersicht erfolgreich umgesetzter Kundenprojekte<\/p>\n\t\t\t\t\t<\/div>\n\t\t\t\t\t\t\t\t<\/div>\n\t\t\t\t\t\t\t\t<\/li>\n\n\t\t\t<li\n\t\t\tclass=\"sow-features-feature sow-icon-container-position-top\"\n\t\t\tstyle=\"display: flex; flex-direction: column; width: calc(25% - 25px);\"\n\t\t>\n\t\t\t\n\t\t\t\t\t\t<a\t\t\t\tclass=\"sow-icon-container sow-container-rounded-square\"\n\t\t\t\tstyle=\"color: #212121; \"\n\t\t\t\t\n\t\t\t\t\t\t\t\t\thref=\"https:\/\/in2.info\/in2info\/sicherheit\/\"\n\t\t\t\t\t\t\t\t>\n\t\t\t\t<span class=\"sow-icon-fontawesome sow-fab\" data-sow-icon=\"&#xf23e;\"\n\t\tstyle=\"font-size: 100px; color: #FFFFFF\" \n\t\taria-hidden=\"true\"><\/span>\t\t\t<\/a>\n\n\t\t\t<div class=\"textwidget\">\n\t\t\t\t\n\t\t\t\t\t\t\t\t\t<h5 class=\"sow-features-feature-title\">\n\t\t\t\t\t\t\t\t\t\t\t\t\t<a\n\t\t\t\t\t\t\t\thref=\"https:\/\/in2.info\/in2info\/sicherheit\/\"\n\t\t\t\t\t\t\t\t\t\t\t\t\t\t\t>\n\t\t\t\t\t\t\tSicherheit\t\t\t\t\t\t\t<\/a>\n\t\t\t\t\t\t\t\t\t\t\t\t<\/h5>\n\t\t\t\t\n\t\t\t\t\t\t\t\t\t<div class=\"sow-features-feature-text\">\n\t\t\t\t\t<p>Support f\u00fcr bestehende WordPressinstallationen<\/p>\n\t\t\t\t\t<\/div>\n\t\t\t\t\t\t\t\t<\/div>\n\t\t\t\t\t\t\t\t<\/li>\n\n\t<\/ul>\n<\/div><\/div><div id=\"panel-174-0-0-3\" class=\"so-panel widget panel-last-child\" data-index=\"3\" ><div class=\"panel-widget-style panel-widget-style-for-174-0-0-3\" ><\/div><\/div><\/div><\/div><\/div><div id=\"pg-174-1\"  class=\"panel-grid panel-no-style\" ><div id=\"pgc-174-1-0\"  class=\"panel-grid-cell\" ><div id=\"panel-174-1-0-0\" class=\"so-panel widget widget_text panel-first-child\" data-index=\"4\" ><h3 class=\"widget-title\">Mobile Technologien und soziale Medien haben das Internet ver\u00e4ndert!<\/h3>\t\t\t<div class=\"textwidget\"><p>Mehr als die <b>H\u00e4lfte aller heimischen Internetnutzer surfen mobil<\/b> und immer mehr Firmen verwenden auch soziale Medien f\u00fcr ihren Webauftritt.<br \/>\nZuletzt nutzten \u00fcber <b>1,3 Milliarden Menschen Facebook <\/b>aktiv. Davon greifen <b>945 Millionen auch mobil<\/b> darauf zu.<br \/>\nWer also auf <b>Facebook und Co<\/b> nicht vertreten ist, <b>ist f\u00fcr viele Nutzer gar nicht existent!<\/b><\/p>\n<\/div>\n\t\t<\/div><div id=\"panel-174-1-0-1\" class=\"so-panel widget widget_text\" data-index=\"5\" ><h3 class=\"widget-title\">Verpassen Sie nicht den Umstieg!<\/h3>\t\t\t<div class=\"textwidget\"><\/hr>\nNeben den Standardleistungen wie <b>Webshops, Newsletter, Galerien, <\/b>etc... biete ich allen Kunden eine <b>responsive Homepage<\/b>, die auf jedem Endger\u00e4t eine gute Figur macht.\nAu\u00dferdem <b>berate ich Sie gerne<\/b> bei Ihrem <b>Auftritt in den sozialen Medien (Facebook, Google, etc...)<\/b> und mache Ihre Homepage <b>fit f\u00fcr die sozialen Netzwerke.<\/b><\/div>\n\t\t<\/div><div id=\"panel-174-1-0-2\" class=\"so-panel widget widget_sow-button panel-last-child\" data-index=\"6\" ><div\n\t\t\t\n\t\t\tclass=\"so-widget-sow-button so-widget-sow-button-flat-9e8ccaa5dd2c-174\"\n\t\t\t\n\t\t><div class=\"ow-button-base ow-button-align-center\"\n>\n\t\t\t<a\n\t\t\t\t\thref=\"https:\/\/in2.info\/in2info\/gesamtpaket\/\"\n\t\t\t\t\tclass=\"sowb-button ow-icon-placement-left ow-button-hover\" \t>\n\t\t<span>\n\t\t\t<span class=\"sow-icon-fontawesome sow-far\" data-sow-icon=\"&#xf0a4;\"\n\t\tstyle=\"color: #ffffff\" \n\t\taria-hidden=\"true\"><\/span>\n\t\t\tWeiterlesen...\t\t<\/span>\n\t\t\t<\/a>\n\t<\/div>\n<\/div><\/div><\/div><div id=\"pgc-174-1-1\"  class=\"panel-grid-cell\" ><div id=\"panel-174-1-1-0\" class=\"so-panel widget widget_sow-image panel-first-child panel-last-child\" data-index=\"7\" ><div\n\t\t\t\n\t\t\tclass=\"so-widget-sow-image so-widget-sow-image-default-6ec9e3772f75-174\"\n\t\t\t\n\t\t>\n<div class=\"sow-image-container\">\n\t\t<img fetchpriority=\"high\" \n\tsrc=\"https:\/\/in2.info\/in2info\/wp-content\/uploads\/2014\/10\/tablet-3130021.jpg\" width=\"800\" height=\"575\" srcset=\"https:\/\/in2.info\/in2info\/wp-content\/uploads\/2014\/10\/tablet-3130021.jpg 800w, https:\/\/in2.info\/in2info\/wp-content\/uploads\/2014\/10\/tablet-3130021-300x215.jpg 300w\" sizes=\"(max-width: 800px) 100vw, 800px\" title=\"tablet-313002\" alt=\"\" \t\tclass=\"so-widget-image\"\/>\n\t<\/div>\n\n<\/div><\/div><\/div><\/div><div id=\"pg-174-2\"  class=\"panel-grid panel-no-style\" ><div id=\"pgc-174-2-0\"  class=\"panel-grid-cell\" ><div id=\"panel-174-2-0-0\" class=\"so-panel widget panel-first-child panel-last-child\" data-index=\"8\" ><\/div><\/div><\/div><\/div>","protected":false},"excerpt":{"rendered":"<p>Mehr als die H\u00e4lfte aller heimischen Internetnutzer surfen mobil und immer mehr Firmen verwenden auch soziale Medien f\u00fcr ihren Webauftritt. Zuletzt nutzten \u00fcber 1,3 Milliarden Menschen Facebook aktiv. Davon greifen 945 Millionen auch mobil darauf zu. Wer also auf Facebook und Co nicht vertreten ist, ist f\u00fcr viele Nutzer gar nicht existent! Neben den Standardleistungen [&hellip;]<\/p>\n","protected":false},"author":1,"featured_media":0,"parent":0,"menu_order":0,"comment_status":"closed","ping_status":"open","template":"templates\/template-full-no-title.php","meta":{"footnotes":""},"class_list":["post-174","page","type-page","status-publish","hentry"],"yoast_head":"<!-- This site is optimized with the Yoast SEO plugin v27.5 - https:\/\/yoast.com\/product\/yoast-seo-wordpress\/ -->\n<title>Webdesign und Hosting Beratung Betreuung Support in Innsbruck<\/title>\n<meta name=\"description\" content=\"Webdesign und Hosting Innsbruck Tirol \u00d6sterreich Suchmaschinenoptimierung SEO Gesamtpaket Laufende Beratung und Betreuung soziale Medien social media Wartung und Support f\u00fcr WordPressinstallationen\" \/>\n<meta name=\"robots\" content=\"index, follow, max-snippet:-1, max-image-preview:large, max-video-preview:-1\" \/>\n<link rel=\"canonical\" href=\"https:\/\/in2.info\/in2info\/\" \/>\n<meta property=\"og:locale\" content=\"de_DE\" \/>\n<meta property=\"og:type\" content=\"article\" \/>\n<meta property=\"og:title\" content=\"Webdesign und Hosting Beratung Betreuung Support in Innsbruck\" \/>\n<meta property=\"og:description\" content=\"Webdesign und Hosting Innsbruck Tirol \u00d6sterreich Suchmaschinenoptimierung SEO Gesamtpaket Laufende Beratung und Betreuung soziale Medien social media Wartung und Support f\u00fcr WordPressinstallationen\" \/>\n<meta property=\"og:url\" content=\"https:\/\/in2.info\/in2info\/\" \/>\n<meta property=\"og:site_name\" content=\"in2info\" \/>\n<meta property=\"article:modified_time\" content=\"2019-09-08T13:57:31+00:00\" \/>\n<meta name=\"twitter:label1\" content=\"Gesch\u00e4tzte Lesezeit\" \/>\n\t<meta name=\"twitter:data1\" content=\"1\u00a0Minute\" \/>\n<script type=\"application\/ld+json\" class=\"yoast-schema-graph\">{\"@context\":\"https:\\\/\\\/schema.org\",\"@graph\":[{\"@type\":\"WebPage\",\"@id\":\"https:\\\/\\\/in2.info\\\/in2info\\\/\",\"url\":\"https:\\\/\\\/in2.info\\\/in2info\\\/\",\"name\":\"Webdesign und Hosting Beratung Betreuung Support in Innsbruck\",\"isPartOf\":{\"@id\":\"https:\\\/\\\/in2.info\\\/in2info\\\/#website\"},\"datePublished\":\"2014-10-08T17:19:16+00:00\",\"dateModified\":\"2019-09-08T13:57:31+00:00\",\"description\":\"Webdesign und Hosting Innsbruck Tirol \u00d6sterreich Suchmaschinenoptimierung SEO Gesamtpaket Laufende Beratung und Betreuung soziale Medien social media Wartung und Support f\u00fcr WordPressinstallationen\",\"breadcrumb\":{\"@id\":\"https:\\\/\\\/in2.info\\\/in2info\\\/#breadcrumb\"},\"inLanguage\":\"de\",\"potentialAction\":[{\"@type\":\"ReadAction\",\"target\":[\"https:\\\/\\\/in2.info\\\/in2info\\\/\"]}]},{\"@type\":\"BreadcrumbList\",\"@id\":\"https:\\\/\\\/in2.info\\\/in2info\\\/#breadcrumb\",\"itemListElement\":[{\"@type\":\"ListItem\",\"position\":1,\"name\":\"Startseite\",\"item\":\"https:\\\/\\\/in2.info\\\/in2info\\\/\"},{\"@type\":\"ListItem\",\"position\":2,\"name\":\"Home\"}]},{\"@type\":\"WebSite\",\"@id\":\"https:\\\/\\\/in2.info\\\/in2info\\\/#website\",\"url\":\"https:\\\/\\\/in2.info\\\/in2info\\\/\",\"name\":\"in2info\",\"description\":\"WEBDESIGN, HOSTING und SUPPORT vom Fachmann\",\"publisher\":{\"@id\":\"https:\\\/\\\/in2.info\\\/in2info\\\/#organization\"},\"potentialAction\":[{\"@type\":\"SearchAction\",\"target\":{\"@type\":\"EntryPoint\",\"urlTemplate\":\"https:\\\/\\\/in2.info\\\/in2info\\\/?s={search_term_string}\"},\"query-input\":{\"@type\":\"PropertyValueSpecification\",\"valueRequired\":true,\"valueName\":\"search_term_string\"}}],\"inLanguage\":\"de\"},{\"@type\":\"Organization\",\"@id\":\"https:\\\/\\\/in2.info\\\/in2info\\\/#organization\",\"name\":\"in2info\",\"url\":\"https:\\\/\\\/in2.info\\\/in2info\\\/\",\"logo\":{\"@type\":\"ImageObject\",\"inLanguage\":\"de\",\"@id\":\"https:\\\/\\\/in2.info\\\/in2info\\\/#\\\/schema\\\/logo\\\/image\\\/\",\"url\":\"https:\\\/\\\/in2.info\\\/in2info\\\/wp-content\\\/uploads\\\/2015\\\/10\\\/logo_new38b.png\",\"contentUrl\":\"https:\\\/\\\/in2.info\\\/in2info\\\/wp-content\\\/uploads\\\/2015\\\/10\\\/logo_new38b.png\",\"width\":510,\"height\":169,\"caption\":\"in2info\"},\"image\":{\"@id\":\"https:\\\/\\\/in2.info\\\/in2info\\\/#\\\/schema\\\/logo\\\/image\\\/\"}}]}<\/script>\n<!-- \/ Yoast SEO plugin. -->","yoast_head_json":{"title":"Webdesign und Hosting Beratung Betreuung Support in Innsbruck","description":"Webdesign und Hosting Innsbruck Tirol \u00d6sterreich Suchmaschinenoptimierung SEO Gesamtpaket Laufende Beratung und Betreuung soziale Medien social media Wartung und Support f\u00fcr WordPressinstallationen","robots":{"index":"index","follow":"follow","max-snippet":"max-snippet:-1","max-image-preview":"max-image-preview:large","max-video-preview":"max-video-preview:-1"},"canonical":"https:\/\/in2.info\/in2info\/","og_locale":"de_DE","og_type":"article","og_title":"Webdesign und Hosting Beratung Betreuung Support in Innsbruck","og_description":"Webdesign und Hosting Innsbruck Tirol \u00d6sterreich Suchmaschinenoptimierung SEO Gesamtpaket Laufende Beratung und Betreuung soziale Medien social media Wartung und Support f\u00fcr WordPressinstallationen","og_url":"https:\/\/in2.info\/in2info\/","og_site_name":"in2info","article_modified_time":"2019-09-08T13:57:31+00:00","twitter_misc":{"Gesch\u00e4tzte Lesezeit":"1\u00a0Minute"},"schema":{"@context":"https:\/\/schema.org","@graph":[{"@type":"WebPage","@id":"https:\/\/in2.info\/in2info\/","url":"https:\/\/in2.info\/in2info\/","name":"Webdesign und Hosting Beratung Betreuung Support in Innsbruck","isPartOf":{"@id":"https:\/\/in2.info\/in2info\/#website"},"datePublished":"2014-10-08T17:19:16+00:00","dateModified":"2019-09-08T13:57:31+00:00","description":"Webdesign und Hosting Innsbruck Tirol \u00d6sterreich Suchmaschinenoptimierung SEO Gesamtpaket Laufende Beratung und Betreuung soziale Medien social media Wartung und Support f\u00fcr WordPressinstallationen","breadcrumb":{"@id":"https:\/\/in2.info\/in2info\/#breadcrumb"},"inLanguage":"de","potentialAction":[{"@type":"ReadAction","target":["https:\/\/in2.info\/in2info\/"]}]},{"@type":"BreadcrumbList","@id":"https:\/\/in2.info\/in2info\/#breadcrumb","itemListElement":[{"@type":"ListItem","position":1,"name":"Startseite","item":"https:\/\/in2.info\/in2info\/"},{"@type":"ListItem","position":2,"name":"Home"}]},{"@type":"WebSite","@id":"https:\/\/in2.info\/in2info\/#website","url":"https:\/\/in2.info\/in2info\/","name":"in2info","description":"WEBDESIGN, HOSTING und SUPPORT vom Fachmann","publisher":{"@id":"https:\/\/in2.info\/in2info\/#organization"},"potentialAction":[{"@type":"SearchAction","target":{"@type":"EntryPoint","urlTemplate":"https:\/\/in2.info\/in2info\/?s={search_term_string}"},"query-input":{"@type":"PropertyValueSpecification","valueRequired":true,"valueName":"search_term_string"}}],"inLanguage":"de"},{"@type":"Organization","@id":"https:\/\/in2.info\/in2info\/#organization","name":"in2info","url":"https:\/\/in2.info\/in2info\/","logo":{"@type":"ImageObject","inLanguage":"de","@id":"https:\/\/in2.info\/in2info\/#\/schema\/logo\/image\/","url":"https:\/\/in2.info\/in2info\/wp-content\/uploads\/2015\/10\/logo_new38b.png","contentUrl":"https:\/\/in2.info\/in2info\/wp-content\/uploads\/2015\/10\/logo_new38b.png","width":510,"height":169,"caption":"in2info"},"image":{"@id":"https:\/\/in2.info\/in2info\/#\/schema\/logo\/image\/"}}]}},"_links":{"self":[{"href":"https:\/\/in2.info\/in2info\/wp-json\/wp\/v2\/pages\/174","targetHints":{"allow":["GET"]}}],"collection":[{"href":"https:\/\/in2.info\/in2info\/wp-json\/wp\/v2\/pages"}],"about":[{"href":"https:\/\/in2.info\/in2info\/wp-json\/wp\/v2\/types\/page"}],"author":[{"embeddable":true,"href":"https:\/\/in2.info\/in2info\/wp-json\/wp\/v2\/users\/1"}],"replies":[{"embeddable":true,"href":"https:\/\/in2.info\/in2info\/wp-json\/wp\/v2\/comments?post=174"}],"version-history":[{"count":0,"href":"https:\/\/in2.info\/in2info\/wp-json\/wp\/v2\/pages\/174\/revisions"}],"wp:attachment":[{"href":"https:\/\/in2.info\/in2info\/wp-json\/wp\/v2\/media?parent=174"}],"curies":[{"name":"wp","href":"https:\/\/api.w.org\/{rel}","templated":true}]}}