{"id":2481,"date":"2018-02-27T08:00:52","date_gmt":"2018-02-27T07:00:52","guid":{"rendered":"https:\/\/in2.info\/in2info\/?page_id=2481"},"modified":"2018-04-09T20:52:03","modified_gmt":"2018-04-09T18:52:03","slug":"dsgvo","status":"publish","type":"page","link":"https:\/\/in2.info\/in2info\/dsgvo\/","title":{"rendered":"DSGVO"},"content":{"rendered":"<div class=\"frage-block active dsgvo\">\n<h1>Datenschutz-Information gem\u00e4\u00df Art 13 DSGVO<\/h1>\n<p>Die personenbezogenen Daten werden von<\/p>\n<p>in2info,<br \/>\nFranzfischerstr. 52,<br \/>\n6020 innsbruck,<br \/>\n+4369911034542,<br \/>\noffice@in2.info<\/p>\n<p>Ansprechpartner:<\/p>\n<p>Richard Schneidermayer,<br \/>\nKontakt: richie@in2.info<\/p>\n<p>zu folgendem Zweck verarbeitet<br \/>\n(Art 6 Abs 1 lit b und lit f DSGVO).<\/p>\n<ul class=\"bullet-points\">\n<li>Kundendatenverwaltung<\/li>\n<\/ul>\n<p>Die Daten sind zur Vertragsabwicklung erforderlich und werden zun\u00e4chst:<\/p>\n<ul class=\"bullet-points\">\n<li>F\u00fcr die Dauer der Gesch\u00e4ftsbeziehung<\/li>\n<\/ul>\n<p>gespeichert.<\/p>\n<p>Dar\u00fcber hinaus erfolgt eine Speicherung im Rahmen der gesetzlichen Bestimmungen bzw. Aufbewahrungspflichten.<\/p>\n<p>Meine Rechte als betroffene Person sind<\/p>\n<ul class=\"bullet-points\">\n<li>das Recht auf Auskunft \u00fcber die mich betreffenden personenbezogenen Daten,<\/li>\n<li>auf Berichtigung,<\/li>\n<li>L\u00f6schung,<\/li>\n<li>Einschr\u00e4nkung der Verarbeitung,<\/li>\n<li>Widerspruch gegen die Verarbeitung<\/li>\n<li>sowie auf Daten\u00fcbertragbarkeit<\/li>\n<li>und jederzeitigen Widerruf einer Einwilligung.<\/li>\n<\/ul>\n<p>Ich habe jederzeit das Recht, hinsichtlich der Verarbeitung meiner personenbezogenen Daten Beschwerde bei der Datenschutzbeh\u00f6rde einzubringen.<\/p>\n<p>Mir ist klar, dass ich ohne Bereitstellung der notwendigen Daten die Leistungen nicht in Anspruch nehmen kann.<\/p>\n<p>Wir verwalten unsere Daten \u00fcber swync. Lade dir die swync App um deine Kontaktdaten datenschutzkonform mit in2info zu teilen.<\/p>\n<p><img decoding=\"async\" class=\"qr-code\" src=\"https:\/\/p1.swync.us\/swync\/api\/v1\/qr\/company?id=80\" alt=\"qr-code\" \/>Download unter <a href=\"http:\/\/www.swync.me\/getitnow\" target=\"_blank\" rel=\"noopener\">http:\/\/www.swync.me\/getitnow<\/a>.<\/p>\n<\/div>\n<p>&nbsp;<\/p>\n<p>&nbsp;<\/p>\n","protected":false},"excerpt":{"rendered":"<p>Datenschutz-Information gem\u00e4\u00df Art 13 DSGVO Die personenbezogenen Daten werden von in2info, Franzfischerstr. 52, 6020 innsbruck, +4369911034542, office@in2.info Ansprechpartner: Richard Schneidermayer, Kontakt: richie@in2.info zu folgendem Zweck verarbeitet (Art 6 Abs 1 lit b und lit f DSGVO). Kundendatenverwaltung Die Daten sind zur Vertragsabwicklung erforderlich und werden zun\u00e4chst: F\u00fcr die Dauer der Gesch\u00e4ftsbeziehung gespeichert. Dar\u00fcber hinaus erfolgt [&hellip;]<\/p>\n","protected":false},"author":1,"featured_media":0,"parent":0,"menu_order":0,"comment_status":"closed","ping_status":"closed","template":"","meta":{"footnotes":""},"class_list":["post-2481","page","type-page","status-publish","hentry"],"yoast_head":"<!-- This site is optimized with the Yoast SEO plugin v27.4 - https:\/\/yoast.com\/product\/yoast-seo-wordpress\/ -->\n<title>DSGVO - in2info<\/title>\n<meta name=\"robots\" content=\"index, follow, max-snippet:-1, max-image-preview:large, max-video-preview:-1\" \/>\n<link rel=\"canonical\" href=\"https:\/\/in2.info\/in2info\/dsgvo\/\" \/>\n<meta property=\"og:locale\" content=\"de_DE\" \/>\n<meta property=\"og:type\" content=\"article\" \/>\n<meta property=\"og:title\" content=\"DSGVO - in2info\" \/>\n<meta property=\"og:description\" content=\"Datenschutz-Information gem\u00e4\u00df Art 13 DSGVO Die personenbezogenen Daten werden von in2info, Franzfischerstr. 52, 6020 innsbruck, +4369911034542, office@in2.info Ansprechpartner: Richard Schneidermayer, Kontakt: richie@in2.info zu folgendem Zweck verarbeitet (Art 6 Abs 1 lit b und lit f DSGVO). Kundendatenverwaltung Die Daten sind zur Vertragsabwicklung erforderlich und werden zun\u00e4chst: F\u00fcr die Dauer der Gesch\u00e4ftsbeziehung gespeichert. Dar\u00fcber hinaus erfolgt [&hellip;]\" \/>\n<meta property=\"og:url\" content=\"https:\/\/in2.info\/in2info\/dsgvo\/\" \/>\n<meta property=\"og:site_name\" content=\"in2info\" \/>\n<meta property=\"article:modified_time\" content=\"2018-04-09T18:52:03+00:00\" \/>\n<meta property=\"og:image\" content=\"https:\/\/p1.swync.us\/swync\/api\/v1\/qr\/company?id=80\" \/>\n<meta name=\"twitter:label1\" content=\"Gesch\u00e4tzte Lesezeit\" \/>\n\t<meta name=\"twitter:data1\" content=\"1\u00a0Minute\" \/>\n<script type=\"application\/ld+json\" class=\"yoast-schema-graph\">{\"@context\":\"https:\\\/\\\/schema.org\",\"@graph\":[{\"@type\":\"WebPage\",\"@id\":\"https:\\\/\\\/in2.info\\\/in2info\\\/dsgvo\\\/\",\"url\":\"https:\\\/\\\/in2.info\\\/in2info\\\/dsgvo\\\/\",\"name\":\"DSGVO - in2info\",\"isPartOf\":{\"@id\":\"https:\\\/\\\/in2.info\\\/in2info\\\/#website\"},\"primaryImageOfPage\":{\"@id\":\"https:\\\/\\\/in2.info\\\/in2info\\\/dsgvo\\\/#primaryimage\"},\"image\":{\"@id\":\"https:\\\/\\\/in2.info\\\/in2info\\\/dsgvo\\\/#primaryimage\"},\"thumbnailUrl\":\"https:\\\/\\\/p1.swync.us\\\/swync\\\/api\\\/v1\\\/qr\\\/company?id=80\",\"datePublished\":\"2018-02-27T07:00:52+00:00\",\"dateModified\":\"2018-04-09T18:52:03+00:00\",\"breadcrumb\":{\"@id\":\"https:\\\/\\\/in2.info\\\/in2info\\\/dsgvo\\\/#breadcrumb\"},\"inLanguage\":\"de\",\"potentialAction\":[{\"@type\":\"ReadAction\",\"target\":[\"https:\\\/\\\/in2.info\\\/in2info\\\/dsgvo\\\/\"]}]},{\"@type\":\"ImageObject\",\"inLanguage\":\"de\",\"@id\":\"https:\\\/\\\/in2.info\\\/in2info\\\/dsgvo\\\/#primaryimage\",\"url\":\"https:\\\/\\\/p1.swync.us\\\/swync\\\/api\\\/v1\\\/qr\\\/company?id=80\",\"contentUrl\":\"https:\\\/\\\/p1.swync.us\\\/swync\\\/api\\\/v1\\\/qr\\\/company?id=80\"},{\"@type\":\"BreadcrumbList\",\"@id\":\"https:\\\/\\\/in2.info\\\/in2info\\\/dsgvo\\\/#breadcrumb\",\"itemListElement\":[{\"@type\":\"ListItem\",\"position\":1,\"name\":\"Startseite\",\"item\":\"https:\\\/\\\/in2.info\\\/in2info\\\/\"},{\"@type\":\"ListItem\",\"position\":2,\"name\":\"DSGVO\"}]},{\"@type\":\"WebSite\",\"@id\":\"https:\\\/\\\/in2.info\\\/in2info\\\/#website\",\"url\":\"https:\\\/\\\/in2.info\\\/in2info\\\/\",\"name\":\"in2info\",\"description\":\"WEBDESIGN, HOSTING und SUPPORT vom Fachmann\",\"publisher\":{\"@id\":\"https:\\\/\\\/in2.info\\\/in2info\\\/#organization\"},\"potentialAction\":[{\"@type\":\"SearchAction\",\"target\":{\"@type\":\"EntryPoint\",\"urlTemplate\":\"https:\\\/\\\/in2.info\\\/in2info\\\/?s={search_term_string}\"},\"query-input\":{\"@type\":\"PropertyValueSpecification\",\"valueRequired\":true,\"valueName\":\"search_term_string\"}}],\"inLanguage\":\"de\"},{\"@type\":\"Organization\",\"@id\":\"https:\\\/\\\/in2.info\\\/in2info\\\/#organization\",\"name\":\"in2info\",\"url\":\"https:\\\/\\\/in2.info\\\/in2info\\\/\",\"logo\":{\"@type\":\"ImageObject\",\"inLanguage\":\"de\",\"@id\":\"https:\\\/\\\/in2.info\\\/in2info\\\/#\\\/schema\\\/logo\\\/image\\\/\",\"url\":\"https:\\\/\\\/in2.info\\\/in2info\\\/wp-content\\\/uploads\\\/2015\\\/10\\\/logo_new38b.png\",\"contentUrl\":\"https:\\\/\\\/in2.info\\\/in2info\\\/wp-content\\\/uploads\\\/2015\\\/10\\\/logo_new38b.png\",\"width\":510,\"height\":169,\"caption\":\"in2info\"},\"image\":{\"@id\":\"https:\\\/\\\/in2.info\\\/in2info\\\/#\\\/schema\\\/logo\\\/image\\\/\"}}]}<\/script>\n<!-- \/ Yoast SEO plugin. -->","yoast_head_json":{"title":"DSGVO - in2info","robots":{"index":"index","follow":"follow","max-snippet":"max-snippet:-1","max-image-preview":"max-image-preview:large","max-video-preview":"max-video-preview:-1"},"canonical":"https:\/\/in2.info\/in2info\/dsgvo\/","og_locale":"de_DE","og_type":"article","og_title":"DSGVO - in2info","og_description":"Datenschutz-Information gem\u00e4\u00df Art 13 DSGVO Die personenbezogenen Daten werden von in2info, Franzfischerstr. 52, 6020 innsbruck, +4369911034542, office@in2.info Ansprechpartner: Richard Schneidermayer, Kontakt: richie@in2.info zu folgendem Zweck verarbeitet (Art 6 Abs 1 lit b und lit f DSGVO). Kundendatenverwaltung Die Daten sind zur Vertragsabwicklung erforderlich und werden zun\u00e4chst: F\u00fcr die Dauer der Gesch\u00e4ftsbeziehung gespeichert. Dar\u00fcber hinaus erfolgt [&hellip;]","og_url":"https:\/\/in2.info\/in2info\/dsgvo\/","og_site_name":"in2info","article_modified_time":"2018-04-09T18:52:03+00:00","og_image":[{"url":"https:\/\/p1.swync.us\/swync\/api\/v1\/qr\/company?id=80","type":"","width":"","height":""}],"twitter_misc":{"Gesch\u00e4tzte Lesezeit":"1\u00a0Minute"},"schema":{"@context":"https:\/\/schema.org","@graph":[{"@type":"WebPage","@id":"https:\/\/in2.info\/in2info\/dsgvo\/","url":"https:\/\/in2.info\/in2info\/dsgvo\/","name":"DSGVO - in2info","isPartOf":{"@id":"https:\/\/in2.info\/in2info\/#website"},"primaryImageOfPage":{"@id":"https:\/\/in2.info\/in2info\/dsgvo\/#primaryimage"},"image":{"@id":"https:\/\/in2.info\/in2info\/dsgvo\/#primaryimage"},"thumbnailUrl":"https:\/\/p1.swync.us\/swync\/api\/v1\/qr\/company?id=80","datePublished":"2018-02-27T07:00:52+00:00","dateModified":"2018-04-09T18:52:03+00:00","breadcrumb":{"@id":"https:\/\/in2.info\/in2info\/dsgvo\/#breadcrumb"},"inLanguage":"de","potentialAction":[{"@type":"ReadAction","target":["https:\/\/in2.info\/in2info\/dsgvo\/"]}]},{"@type":"ImageObject","inLanguage":"de","@id":"https:\/\/in2.info\/in2info\/dsgvo\/#primaryimage","url":"https:\/\/p1.swync.us\/swync\/api\/v1\/qr\/company?id=80","contentUrl":"https:\/\/p1.swync.us\/swync\/api\/v1\/qr\/company?id=80"},{"@type":"BreadcrumbList","@id":"https:\/\/in2.info\/in2info\/dsgvo\/#breadcrumb","itemListElement":[{"@type":"ListItem","position":1,"name":"Startseite","item":"https:\/\/in2.info\/in2info\/"},{"@type":"ListItem","position":2,"name":"DSGVO"}]},{"@type":"WebSite","@id":"https:\/\/in2.info\/in2info\/#website","url":"https:\/\/in2.info\/in2info\/","name":"in2info","description":"WEBDESIGN, HOSTING und SUPPORT vom Fachmann","publisher":{"@id":"https:\/\/in2.info\/in2info\/#organization"},"potentialAction":[{"@type":"SearchAction","target":{"@type":"EntryPoint","urlTemplate":"https:\/\/in2.info\/in2info\/?s={search_term_string}"},"query-input":{"@type":"PropertyValueSpecification","valueRequired":true,"valueName":"search_term_string"}}],"inLanguage":"de"},{"@type":"Organization","@id":"https:\/\/in2.info\/in2info\/#organization","name":"in2info","url":"https:\/\/in2.info\/in2info\/","logo":{"@type":"ImageObject","inLanguage":"de","@id":"https:\/\/in2.info\/in2info\/#\/schema\/logo\/image\/","url":"https:\/\/in2.info\/in2info\/wp-content\/uploads\/2015\/10\/logo_new38b.png","contentUrl":"https:\/\/in2.info\/in2info\/wp-content\/uploads\/2015\/10\/logo_new38b.png","width":510,"height":169,"caption":"in2info"},"image":{"@id":"https:\/\/in2.info\/in2info\/#\/schema\/logo\/image\/"}}]}},"_links":{"self":[{"href":"https:\/\/in2.info\/in2info\/wp-json\/wp\/v2\/pages\/2481","targetHints":{"allow":["GET"]}}],"collection":[{"href":"https:\/\/in2.info\/in2info\/wp-json\/wp\/v2\/pages"}],"about":[{"href":"https:\/\/in2.info\/in2info\/wp-json\/wp\/v2\/types\/page"}],"author":[{"embeddable":true,"href":"https:\/\/in2.info\/in2info\/wp-json\/wp\/v2\/users\/1"}],"replies":[{"embeddable":true,"href":"https:\/\/in2.info\/in2info\/wp-json\/wp\/v2\/comments?post=2481"}],"version-history":[{"count":0,"href":"https:\/\/in2.info\/in2info\/wp-json\/wp\/v2\/pages\/2481\/revisions"}],"wp:attachment":[{"href":"https:\/\/in2.info\/in2info\/wp-json\/wp\/v2\/media?parent=2481"}],"curies":[{"name":"wp","href":"https:\/\/api.w.org\/{rel}","templated":true}]}}