{"id":2629,"date":"2018-04-09T21:14:55","date_gmt":"2018-04-09T19:14:55","guid":{"rendered":"https:\/\/in2.info\/in2info\/?page_id=2629"},"modified":"2019-06-17T07:43:00","modified_gmt":"2019-06-17T05:43:00","slug":"datenschutzerklaerung","status":"publish","type":"page","link":"https:\/\/in2.info\/in2info\/datenschutzerklaerung\/","title":{"rendered":"Datenschutzerkl\u00e4rung"},"content":{"rendered":"<p class=\"western\"><span style=\"color: #3c3c3c;\"><span style=\"font-family: Arial, sans-serif;\"><span style=\"font-size: medium;\"><b>Geltungsbereich<\/b><\/span><\/span><\/span><\/p>\n<p class=\"western\"><span style=\"color: #333333;\"><span style=\"font-family: Arial, sans-serif;\">Diese Datenschutzerkl\u00e4rung soll die Nutzer dieser Website \u00fcber die Art, den Umfang und den Zweck der Erhebung und Verwendung personenbezogener Daten durch den Websitebetreiber in2.info informieren.<\/span><\/span><\/p>\n<p class=\"western\"><span style=\"color: #333333;\"><span style=\"font-family: Arial, sans-serif;\">Der Websitebetreiber nimmt Ihren Datenschutz sehr ernst und behandelt Ihre personenbezogenen Daten vertraulich und entsprechend der gesetzlichen Vorschriften.<\/span><\/span><\/p>\n<p class=\"western\"><span style=\"color: #333333;\"><span style=\"font-family: Arial, sans-serif;\">Bedenken Sie, dass die Daten\u00fcbertragung im Internet grunds\u00e4tzlich mit Sicherheitsl\u00fccken bedacht sein kann. Ein vollumf\u00e4nglicher Schutz vor dem Zugriff durch Fremde ist nicht realisierbar.<\/span><\/span><\/p>\n<h4 class=\"western\"><span style=\"color: #3c3c3c;\"><span style=\"font-family: Arial, sans-serif;\">Zugriffsdaten<\/span><\/span><\/h4>\n<p><span style=\"color: #333333;\"><span style=\"font-family: Arial, sans-serif;\"><span style=\"font-size: small;\">Der Websitebetreiber bzw. Seitenprovider erhebt Daten \u00fcber Zugriffe auf die Seite und speichert diese als \u201eServer-Logfiles\u201c ab. Folgende Daten werden so protokolliert:<\/span><\/span><\/span><\/p>\n<ul>\n<li>\n<p class=\"western\"><span style=\"color: #333333;\"><span style=\"font-family: Arial, sans-serif;\">Besuchte Website<\/span><\/span><\/p>\n<\/li>\n<li>\n<p class=\"western\"><span style=\"color: #333333;\"><span style=\"font-family: Arial, sans-serif;\">Uhrzeit zum Zeitpunkt des Zugriffes<\/span><\/span><\/p>\n<\/li>\n<li>\n<p class=\"western\"><span style=\"color: #333333;\"><span style=\"font-family: Arial, sans-serif;\">Menge der gesendeten Daten in Byte<\/span><\/span><\/p>\n<\/li>\n<li>\n<p class=\"western\"><span style=\"color: #333333;\"><span style=\"font-family: Arial, sans-serif;\">Quelle\/Verweis, von welchem Sie auf die Seite gelangten<\/span><\/span><\/p>\n<\/li>\n<li>\n<p class=\"western\"><span style=\"color: #333333;\"><span style=\"font-family: Arial, sans-serif;\">Verwendeter Browser<\/span><\/span><\/p>\n<\/li>\n<li>\n<p class=\"western\"><span style=\"color: #333333;\"><span style=\"font-family: Arial, sans-serif;\">Verwendetes Betriebssystem<\/span><\/span><\/p>\n<\/li>\n<li>\n<p class=\"western\"><span style=\"color: #333333;\"><span style=\"font-family: Arial, sans-serif;\">Verwendete IP-Adresse<\/span><\/span><\/p>\n<\/li>\n<\/ul>\n<p><span style=\"color: #333333;\"><span style=\"font-family: Arial, sans-serif;\"><span style=\"font-size: small;\">Die erhobenen Daten dienen lediglich statistischen Auswertungen und zur Verbesserung der Website. Der Websitebetreiber beh\u00e4lt sich allerdings vor, die Server-Logfiles nachtr\u00e4glich zu \u00fcberpr\u00fcfen, sollten konkrete Anhaltspunkte auf eine rechtswidrige Nutzung hinweisen.<\/span><\/span><\/span><\/p>\n<h4 class=\"western\"><span style=\"color: #3c3c3c;\"><span style=\"font-family: Arial, sans-serif;\">Cookies<\/span><\/span><\/h4>\n<p><span style=\"color: #333333;\"><span style=\"font-family: Arial, sans-serif;\"><span style=\"font-size: small;\">Diese Website verwendet Cookies. Dabei handelt es sich um kleine Textdateien, welche auf Ihrem Endger\u00e4t gespeichert werden. Ihr Browser greift auf diese Dateien zu. Durch den Einsatz von Cookies erh\u00f6ht sich die Benutzerfreundlichkeit und Sicherheit dieser Website.<\/span><\/span><\/span><\/p>\n<p><span style=\"color: #333333;\"><span style=\"font-family: Arial, sans-serif;\"><span style=\"font-size: small;\">G\u00e4ngige Browser bieten die Einstellungsoption, Cookies nicht zuzulassen. Hinweis: Es ist nicht gew\u00e4hrleistet, dass Sie auf alle Funktionen dieser Website ohne Einschr\u00e4nkungen zugreifen k\u00f6nnen, wenn Sie entsprechende Einstellungen vornehmen.<\/span><\/span><\/span><\/p>\n<h4 class=\"western\"><span style=\"color: #3c3c3c;\"><span style=\"font-family: Arial, sans-serif;\">Umgang mit personenbezogenen Daten<\/span><\/span><\/h4>\n<p><span style=\"color: #333333;\"><span style=\"font-family: Arial, sans-serif;\"><span style=\"font-size: small;\">Der Websitebetreiber erhebt, nutzt und gibt Ihre personenbezogenen Daten nur dann weiter, wenn dies im gesetzlichen Rahmen erlaubt ist oder Sie in die Datenerhebung einwilligen.<\/span><\/span><\/span><\/p>\n<p><span style=\"color: #333333;\"><span style=\"font-family: Arial, sans-serif;\"><span style=\"font-size: small;\">Als personenbezogene Daten gelten s\u00e4mtliche Informationen, welche dazu dienen, Ihre Person zu bestimmen und welche zu Ihnen zur\u00fcckverfolgt werden k\u00f6nnen \u2013 also beispielsweise Ihr Name, Ihre E-Mail-Adresse und Telefonnummer.<\/span><\/span><\/span><\/p>\n<h4 class=\"western\"><span style=\"color: #3c3c3c;\"><span style=\"font-family: Arial, sans-serif;\">Umgang mit Kontaktdaten<\/span><\/span><\/h4>\n<p><span style=\"color: #333333;\"><span style=\"font-family: Arial, sans-serif;\"><span style=\"font-size: small;\">Nehmen Sie mit dem Websitebetreiber durch die angebotenen Kontaktm\u00f6glichkeiten Verbindung auf, werden Ihre Angaben gespeichert, damit auf diese zur Bearbeitung und Beantwortung Ihrer Anfrage zur\u00fcckgegriffen werden kann. Ohne Ihre Einwilligung werden diese Daten nicht an Dritte weitergegeben.<\/span><\/span><\/span><\/p>\n<h4 class=\"western\"><span style=\"color: #3c3c3c;\"><span style=\"font-family: Arial, sans-serif;\">Umgang mit Kommentaren und Beitr\u00e4gen<\/span><\/span><\/h4>\n<p><span style=\"color: #333333;\"><span style=\"font-family: Arial, sans-serif;\"><span style=\"font-size: small;\">Hinterlassen Sie auf dieser Website einen Beitrag oder Kommentar, wird Ihre IP-Adresse gespeichert. Dies dient der Sicherheit des Websitebetreibers: Verst\u00f6\u00dft Ihr Text gegen das Recht, m\u00f6chte er Ihre Identit\u00e4t nachverfolgen k\u00f6nnen.<\/span><\/span><\/span><\/p>\n<h4 class=\"western\"><span style=\"color: #3c3c3c;\"><span style=\"font-family: Arial, sans-serif;\">Abonnements<\/span><\/span><\/h4>\n<p><span style=\"color: #333333;\"><span style=\"font-family: Arial, sans-serif;\"><span style=\"font-size: small;\">Sie haben die M\u00f6glichkeit, sowohl die gesamte Website als auch Nachfolgekommentare auf Ihren Beitrag zu abonnieren. Sie erhalten eine E-Mail zur Best\u00e4tigung Ihrer E-Mail-Adresse. Neben dieser werden keine weiteren Daten erhoben. Die gespeicherten Daten werden nicht an Dritte weitergereicht. Sie k\u00f6nnen ein Abonnement jederzeit abbestellen.<\/span><\/span><\/span><\/p>\n<h4 class=\"western\"><span style=\"color: #4863c2;\"><span style=\"color: #000000;\"><span style=\"font-family: Arial, sans-serif;\">Analysedienste Matomo<\/span><\/span><\/span><\/h4>\n<p class=\"western\">Unsere Website verwendet Matomo, dabei handelt es sich um einen sogenannten Webanalysedienst. Matomo verwendet sog. \u201eCookies\u201c, das sind Textdateien, die auf Ihrem Computer gespeichert werden und die unsererseits eine Analyse der Benutzung der Webseite erm\u00f6glichen. Zu diesem Zweck werden die durch den Cookie erzeugten Nutzungsinformationen (einschlie\u00dflich Ihrer gek\u00fcrzten IP-Adresse) an unseren Server \u00fcbertragen und zu Nutzungsanalysezwecken gespeichert, was der Webseitenoptimierung unsererseits dient. Ihre IP-Adresse wird bei diesem Vorgang umgehend anonymisiert, so dass Sie als Nutzer f\u00fcr uns anonym bleiben. Die durch den Cookie erzeugten Informationen \u00fcber Ihre Benutzung dieser Webseite werden nicht an Dritte weitergegeben. Sie k\u00f6nnen die Verwendung der Cookies durch eine entsprechende Einstellung Ihrer Browser Software verhindern, es kann jedoch sein, dass Sie in diesem Fall gegebenenfalls nicht s\u00e4mtliche Funktionen dieser Website voll umf\u00e4nglich nutzen k\u00f6nnen.<\/p>\n<p class=\"western\">Wenn Sie mit der Speicherung und Auswertung dieser Daten aus Ihrem Besuch nicht einverstanden sind, dann k\u00f6nnen Sie der Speicherung und Nutzung nachfolgend per Mausklick jederzeit widersprechen. In diesem Fall wird in Ihrem Browser ein sog. Opt-Out-Cookie abgelegt, was zur Folge hat, dass Matomo keinerlei Sitzungsdaten erhebt. Achtung: Wenn Sie Ihre Cookies l\u00f6schen, so hat dies zur Folge, dass auch das Opt-Out-Cookie gel\u00f6scht wird und ggf. von Ihnen erneut aktiviert werden muss.<\/p>\n<p class=\"western\">Widerspruch: <a href=\"https:\/\/in2.info\/in2info\/opt-out\/\">OPT-OUT<\/a><\/p>\n<h4 class=\"western\"><span style=\"color: #3c3c3c;\"><span style=\"font-family: Arial, sans-serif;\">Nutzung von Social-Media-Plugins<\/span><\/span><\/h4>\n<p><span style=\"font-family: Times\\ New\\ Roman, serif;\"><span style=\"color: #333333;\"><span style=\"font-family: Arial, sans-serif;\"><span style=\"font-size: small;\">Diese Website verwendet Facebook Social Plugins, welches von der Facebook Inc. (1 Hacker Way, Menlo Park, California 94025, USA) betrieben wird. Erkennbar sind die Einbindungen an dem Facebook-Logo bzw. an den Begriffen \u201eLike\u201c, \u201eGef\u00e4llt mir\u201c, \u201eTeilen\u201c in den Farben Facebooks (Blau und Wei\u00df). Informationen zu allen Facebook-Plugins finden Sie im folgenden Link:<\/span><\/span><\/span><span style=\"color: #333333;\"><span style=\"font-family: Arial, sans-serif;\"><span style=\"font-size: small;\">\u00a0<\/span><\/span><\/span><span style=\"color: #4863c2;\"><u><a href=\"https:\/\/developers.facebook.com\/docs\/plugins\/\" target=\"_blank\" rel=\"noopener noreferrer\"><span style=\"font-family: Arial, sans-serif;\"><span style=\"font-size: small;\">https:\/\/developers.facebook.com\/docs\/plugins\/<\/span><\/span><\/a><\/u><\/span><\/span><\/p>\n<p><span style=\"font-family: Times\\ New\\ Roman, serif;\"><span style=\"color: #333333;\"><span style=\"font-family: Arial, sans-serif;\"><span style=\"font-size: small;\">Das Plugin stellt eine direkte Verbindung zwischen Ihrem Browser und den Facebook-Servern her. Der Websitebetreiber hat keinerlei Einfluss auf die Natur und den Umfang der Daten, welche das Plugin an die Server der Facebook Inc. \u00fcbermittelt. Informationen dazu finden Sie hier:<\/span><\/span><\/span><span style=\"color: #333333;\"><span style=\"font-family: Arial, sans-serif;\"><span style=\"font-size: small;\">\u00a0<\/span><\/span><\/span><span style=\"color: #4863c2;\"><u><a href=\"https:\/\/www.facebook.com\/help\/186325668085084\" target=\"_blank\" rel=\"noopener noreferrer\"><span style=\"font-family: Arial, sans-serif;\"><span style=\"font-size: small;\">https:\/\/www.facebook.com\/help\/186325668085084<\/span><\/span><\/a><\/u><\/span><span style=\"color: #333333;\"><span style=\"font-family: Arial, sans-serif;\"><span style=\"font-size: small;\"><br \/>\nDas Plugin informiert die Facebook Inc. dar\u00fcber, dass Sie Nutzer diese Website besucht hat. Es besteht hierbei die M\u00f6glichkeit, dass Ihre IP-Adresse gespeichert wird. Sind Sie w\u00e4hrend des Besuchs auf dieser Website in Ihrem Facebook-Konto eingeloggt, werden die genannten Informationen mit diesem verkn\u00fcpft.<\/span><\/span><\/span><\/span><\/p>\n<p><span style=\"color: #333333;\"><span style=\"font-family: Arial, sans-serif;\"><span style=\"font-size: small;\">Nutzen Sie die Funktionen des Plugins \u2013 etwa indem Sie einen Beitrag teilen oder \u201eliken\u201c \u2013 werden die entsprechenden Informationen ebenfalls an die Facebook Inc. \u00fcbermittelt.<\/span><\/span><\/span><\/p>\n<p><span style=\"color: #333333;\"><span style=\"font-family: Arial, sans-serif;\"><span style=\"font-size: small;\">M\u00f6chten Sie verhindern, dass die Facebook. Inc. diese Daten mit Ihrem Facebook-Konto verkn\u00fcpft, loggen Sie sich bitte vor dem Besuch dieser Website bei Facebook aus.<\/span><\/span><\/span><\/p>\n<p><span style=\"color: #333333;\"><span style=\"font-family: Arial, sans-serif;\"><span style=\"font-size: small;\">Weiterhin nutzt diese Website die \u201e+1\u201c-Schaltfl\u00e4che von Google Plus. Betrieben wird diese von der Google Inc. (1600 Amphitheatre Parkway Mountain View, CA 94043, USA). Besuchen Sie eine Seite, welche die \u201e+1\u201c-Schaltfl\u00e4che enth\u00e4lt, entsteht eine direkte Verbindung zwischen Ihrem Browser und den Google-Servern. Der Websitebetreiber hat daher keinerlei Einfluss auf die Natur und den Umfang der Daten, welche das Plugin an die Server der Google Inc. \u00fcbermitteln. Klicken Sie auf den \u201e+1\u201c-Button, w\u00e4hrend Sie in Google + angemeldet sind, teilen Sie die Inhalte der Seite auf Ihrem \u00f6ffentlichen Profil.<\/span><\/span><\/span><\/p>\n<p><span style=\"color: #333333;\"><span style=\"font-family: Arial, sans-serif;\"><span style=\"font-size: small;\">Personenbezogene Daten werden laut der Google Inc. erst dann erhoben, wenn Sie auf die Schaltfl\u00e4che klicken. Auch bei eingeloggten Google-Nutzern wird unter anderem die IP-Adresse gespeichert. M\u00f6chten Sie verhindern, dass die Google Inc. diese Daten speichert und mit Ihrem Konto verkn\u00fcpft, loggen Sie sich bitte vor dem Besuch dieser Website aus.<\/span><\/span><\/span><\/p>\n<p><span style=\"font-family: Times\\ New\\ Roman, serif;\"><span style=\"color: #333333;\"><span style=\"font-family: Arial, sans-serif;\"><span style=\"font-size: small;\">Informationen zur \u201e+1\u201c-Schaltfl\u00e4che finden Sie hier:<\/span><\/span><\/span><span style=\"color: #4863c2;\"><u><span style=\"font-family: Arial, sans-serif;\"><span style=\"font-size: small;\">https:\/\/developers.google.com\/+\/web\/buttons-policy<\/span><\/span><\/u><\/span><span style=\"color: #333333;\"><span style=\"font-family: Arial, sans-serif;\"><span style=\"font-size: small;\">.<\/span><\/span><\/span><\/span><\/p>\n<p><span style=\"color: #333333;\"><span style=\"font-family: Arial, sans-serif;\"><span style=\"font-size: small;\">Weiterhin nutzt diese Website Twitter-Schlatfl\u00e4chen. Betrieben werden diese von der Twitter Inc. (795 Folsom St., Suite 600, San Francisco, CA 94107, USA). Besuchen Sie eine Seite, welche eine solche Schaltfl\u00e4che enth\u00e4lt, entsteht eine direkte Verbindung zwischen Ihrem Browser und den Twitter-Servern. Der Websitebetreiber hat daher keinerlei Einfluss \u00fcber die Natur und den Umfang der Daten, welche das Plugin an die Server Twitter Inc. \u00fcbermittelt.<\/span><\/span><\/span><\/p>\n<p><span style=\"font-family: Times\\ New\\ Roman, serif;\"><span style=\"color: #333333;\"><span style=\"font-family: Arial, sans-serif;\"><span style=\"font-size: small;\">Gem\u00e4\u00df der Twitter Inc. wird dabei allein Ihre IP-Adresse erhoben und gespeichert.<br \/>\nInformationen zu dem Umgang mit personenbezogenen Daten durch die Twitter Inc. finden Sie hier:<\/span><\/span><\/span><span style=\"color: #4863c2;\"><u><a href=\"https:\/\/twitter.com\/privacy?lang=de\" target=\"_blank\" rel=\"noopener noreferrer\"><span style=\"font-family: Arial, sans-serif;\"><span style=\"font-size: small;\">https:\/\/twitter.com\/privacy?lang=de<\/span><\/span><\/a><\/u><\/span><\/span><\/p>\n<h4 class=\"western\"><span style=\"color: #3c3c3c;\"><span style=\"font-family: Arial, sans-serif;\">Newsletter-Abonnement<\/span><\/span><\/h4>\n<p><span style=\"color: #333333;\"><span style=\"font-family: Arial, sans-serif;\"><span style=\"font-size: small;\">Der Websitebetreiber bietet Ihnen einen Newsletter an, in welchem er Sie \u00fcber aktuelle Geschehnisse und Angebote informiert. M\u00f6chten Sie den Newsletter abonnieren, m\u00fcssen Sie eine valide E-Mail-Adresse angeben.<\/span><\/span><\/span><\/p>\n<h4 class=\"western\"><span style=\"color: #3c3c3c;\"><span style=\"font-family: Arial, sans-serif;\">Rechte des Nutzers: Auskunft, Berichtigung und L\u00f6schung<\/span><\/span><\/h4>\n<p><span style=\"font-family: Arial, sans-serif;\"><span style=\"font-size: small;\"><span style=\"color: #333333;\">Sie als Nutzer erhalten auf Antrag Ihrerseits kostenlose Auskunft dar\u00fcber, welche personenbezogenen Daten \u00fcber Sie gespeichert wurden. Sofern Ihr Wunsch nicht mit einer gesetzlichen Pflicht zur Aufbewahrung von Daten (z. B. Vorratsdatenspeicherung) kollidiert, haben Sie ein Anrecht auf Berichtigung falscher Daten und auf die Sperrung oder L\u00f6schung Ihrer personenbezogenen Daten.<\/span><\/span><\/span><\/p>\n<p><span style=\"font-family: Arial, sans-serif;\"><span style=\"font-size: small;\"><span style=\"font-size: large;\"><b>Datenschutzerkl\u00e4rung bei Verwendung einer SSL-Verschl\u00fcsselung<\/b><\/span><\/span><\/span><\/p>\n<p><span style=\"font-family: Arial, sans-serif;\"><span style=\"font-size: small;\"><span style=\"color: #3c3c3c;\"><span style=\"font-size: medium;\"><b>SSL-Verschl\u00fcsselung<\/b><\/span><\/span><\/span><\/span><\/p>\n<h4 class=\"western\"><span style=\"color: #333333;\"><span style=\"font-family: Arial, sans-serif;\"><span style=\"font-size: small;\">Um Ihre \u00fcbermittelten Daten bestm\u00f6glich zu sch\u00fctzen nutzen die Websitebetreiber eine SSL-Verschl\u00fcsselung. Sie erkennen derart verschl\u00fcsselte Verbindungen an dem Pr\u00e4fix \u201chttps:\/\/\u201c im Seitenlink in der Adresszeile Ihres Browsers. Unverschl\u00fcsselte Seite sind durch \u201ehttp:\/\/\u201c gekennzeichnet.<\/span><\/span><\/span><\/h4>\n<h4 class=\"western\"><span style=\"color: #333333;\"><span style=\"font-family: Arial, sans-serif;\"><span style=\"font-size: small;\">S\u00e4mtliche Daten, welche Sie an diese Website \u00fcbermitteln \u2013 etwa bei Anfragen oder Logins \u2013 k\u00f6nnen dank SSL-Verschl\u00fcsselung nicht von Dritten gelesen werden.<\/span><\/span><\/span><\/h4>\n","protected":false},"excerpt":{"rendered":"<p>Geltungsbereich Diese Datenschutzerkl\u00e4rung soll die Nutzer dieser Website \u00fcber die Art, den Umfang und den Zweck der Erhebung und Verwendung personenbezogener Daten durch den Websitebetreiber in2.info informieren. Der Websitebetreiber nimmt Ihren Datenschutz sehr ernst und behandelt Ihre personenbezogenen Daten vertraulich und entsprechend der gesetzlichen Vorschriften. Bedenken Sie, dass die Daten\u00fcbertragung im Internet grunds\u00e4tzlich mit Sicherheitsl\u00fccken [&hellip;]<\/p>\n","protected":false},"author":1,"featured_media":0,"parent":0,"menu_order":0,"comment_status":"closed","ping_status":"closed","template":"","meta":{"footnotes":""},"class_list":["post-2629","page","type-page","status-publish","hentry"],"yoast_head":"<!-- This site is optimized with the Yoast SEO plugin v27.5 - https:\/\/yoast.com\/product\/yoast-seo-wordpress\/ -->\n<title>Datenschutzerkl\u00e4rung - in2info<\/title>\n<meta name=\"robots\" content=\"index, follow, max-snippet:-1, max-image-preview:large, max-video-preview:-1\" \/>\n<link rel=\"canonical\" href=\"https:\/\/in2.info\/in2info\/datenschutzerklaerung\/\" \/>\n<meta property=\"og:locale\" content=\"de_DE\" \/>\n<meta property=\"og:type\" content=\"article\" \/>\n<meta property=\"og:title\" content=\"Datenschutzerkl\u00e4rung - in2info\" \/>\n<meta property=\"og:description\" content=\"Geltungsbereich Diese Datenschutzerkl\u00e4rung soll die Nutzer dieser Website \u00fcber die Art, den Umfang und den Zweck der Erhebung und Verwendung personenbezogener Daten durch den Websitebetreiber in2.info informieren. Der Websitebetreiber nimmt Ihren Datenschutz sehr ernst und behandelt Ihre personenbezogenen Daten vertraulich und entsprechend der gesetzlichen Vorschriften. Bedenken Sie, dass die Daten\u00fcbertragung im Internet grunds\u00e4tzlich mit Sicherheitsl\u00fccken [&hellip;]\" \/>\n<meta property=\"og:url\" content=\"https:\/\/in2.info\/in2info\/datenschutzerklaerung\/\" \/>\n<meta property=\"og:site_name\" content=\"in2info\" \/>\n<meta property=\"article:modified_time\" content=\"2019-06-17T05:43:00+00:00\" \/>\n<meta name=\"twitter:label1\" content=\"Gesch\u00e4tzte Lesezeit\" \/>\n\t<meta name=\"twitter:data1\" content=\"6\u00a0Minuten\" \/>\n<script type=\"application\/ld+json\" class=\"yoast-schema-graph\">{\"@context\":\"https:\\\/\\\/schema.org\",\"@graph\":[{\"@type\":\"WebPage\",\"@id\":\"https:\\\/\\\/in2.info\\\/in2info\\\/datenschutzerklaerung\\\/\",\"url\":\"https:\\\/\\\/in2.info\\\/in2info\\\/datenschutzerklaerung\\\/\",\"name\":\"Datenschutzerkl\u00e4rung - in2info\",\"isPartOf\":{\"@id\":\"https:\\\/\\\/in2.info\\\/in2info\\\/#website\"},\"datePublished\":\"2018-04-09T19:14:55+00:00\",\"dateModified\":\"2019-06-17T05:43:00+00:00\",\"breadcrumb\":{\"@id\":\"https:\\\/\\\/in2.info\\\/in2info\\\/datenschutzerklaerung\\\/#breadcrumb\"},\"inLanguage\":\"de\",\"potentialAction\":[{\"@type\":\"ReadAction\",\"target\":[\"https:\\\/\\\/in2.info\\\/in2info\\\/datenschutzerklaerung\\\/\"]}]},{\"@type\":\"BreadcrumbList\",\"@id\":\"https:\\\/\\\/in2.info\\\/in2info\\\/datenschutzerklaerung\\\/#breadcrumb\",\"itemListElement\":[{\"@type\":\"ListItem\",\"position\":1,\"name\":\"Startseite\",\"item\":\"https:\\\/\\\/in2.info\\\/in2info\\\/\"},{\"@type\":\"ListItem\",\"position\":2,\"name\":\"Datenschutzerkl\u00e4rung\"}]},{\"@type\":\"WebSite\",\"@id\":\"https:\\\/\\\/in2.info\\\/in2info\\\/#website\",\"url\":\"https:\\\/\\\/in2.info\\\/in2info\\\/\",\"name\":\"in2info\",\"description\":\"WEBDESIGN, HOSTING und SUPPORT vom Fachmann\",\"publisher\":{\"@id\":\"https:\\\/\\\/in2.info\\\/in2info\\\/#organization\"},\"potentialAction\":[{\"@type\":\"SearchAction\",\"target\":{\"@type\":\"EntryPoint\",\"urlTemplate\":\"https:\\\/\\\/in2.info\\\/in2info\\\/?s={search_term_string}\"},\"query-input\":{\"@type\":\"PropertyValueSpecification\",\"valueRequired\":true,\"valueName\":\"search_term_string\"}}],\"inLanguage\":\"de\"},{\"@type\":\"Organization\",\"@id\":\"https:\\\/\\\/in2.info\\\/in2info\\\/#organization\",\"name\":\"in2info\",\"url\":\"https:\\\/\\\/in2.info\\\/in2info\\\/\",\"logo\":{\"@type\":\"ImageObject\",\"inLanguage\":\"de\",\"@id\":\"https:\\\/\\\/in2.info\\\/in2info\\\/#\\\/schema\\\/logo\\\/image\\\/\",\"url\":\"https:\\\/\\\/in2.info\\\/in2info\\\/wp-content\\\/uploads\\\/2015\\\/10\\\/logo_new38b.png\",\"contentUrl\":\"https:\\\/\\\/in2.info\\\/in2info\\\/wp-content\\\/uploads\\\/2015\\\/10\\\/logo_new38b.png\",\"width\":510,\"height\":169,\"caption\":\"in2info\"},\"image\":{\"@id\":\"https:\\\/\\\/in2.info\\\/in2info\\\/#\\\/schema\\\/logo\\\/image\\\/\"}}]}<\/script>\n<!-- \/ Yoast SEO plugin. -->","yoast_head_json":{"title":"Datenschutzerkl\u00e4rung - in2info","robots":{"index":"index","follow":"follow","max-snippet":"max-snippet:-1","max-image-preview":"max-image-preview:large","max-video-preview":"max-video-preview:-1"},"canonical":"https:\/\/in2.info\/in2info\/datenschutzerklaerung\/","og_locale":"de_DE","og_type":"article","og_title":"Datenschutzerkl\u00e4rung - in2info","og_description":"Geltungsbereich Diese Datenschutzerkl\u00e4rung soll die Nutzer dieser Website \u00fcber die Art, den Umfang und den Zweck der Erhebung und Verwendung personenbezogener Daten durch den Websitebetreiber in2.info informieren. Der Websitebetreiber nimmt Ihren Datenschutz sehr ernst und behandelt Ihre personenbezogenen Daten vertraulich und entsprechend der gesetzlichen Vorschriften. Bedenken Sie, dass die Daten\u00fcbertragung im Internet grunds\u00e4tzlich mit Sicherheitsl\u00fccken [&hellip;]","og_url":"https:\/\/in2.info\/in2info\/datenschutzerklaerung\/","og_site_name":"in2info","article_modified_time":"2019-06-17T05:43:00+00:00","twitter_misc":{"Gesch\u00e4tzte Lesezeit":"6\u00a0Minuten"},"schema":{"@context":"https:\/\/schema.org","@graph":[{"@type":"WebPage","@id":"https:\/\/in2.info\/in2info\/datenschutzerklaerung\/","url":"https:\/\/in2.info\/in2info\/datenschutzerklaerung\/","name":"Datenschutzerkl\u00e4rung - in2info","isPartOf":{"@id":"https:\/\/in2.info\/in2info\/#website"},"datePublished":"2018-04-09T19:14:55+00:00","dateModified":"2019-06-17T05:43:00+00:00","breadcrumb":{"@id":"https:\/\/in2.info\/in2info\/datenschutzerklaerung\/#breadcrumb"},"inLanguage":"de","potentialAction":[{"@type":"ReadAction","target":["https:\/\/in2.info\/in2info\/datenschutzerklaerung\/"]}]},{"@type":"BreadcrumbList","@id":"https:\/\/in2.info\/in2info\/datenschutzerklaerung\/#breadcrumb","itemListElement":[{"@type":"ListItem","position":1,"name":"Startseite","item":"https:\/\/in2.info\/in2info\/"},{"@type":"ListItem","position":2,"name":"Datenschutzerkl\u00e4rung"}]},{"@type":"WebSite","@id":"https:\/\/in2.info\/in2info\/#website","url":"https:\/\/in2.info\/in2info\/","name":"in2info","description":"WEBDESIGN, HOSTING und SUPPORT vom Fachmann","publisher":{"@id":"https:\/\/in2.info\/in2info\/#organization"},"potentialAction":[{"@type":"SearchAction","target":{"@type":"EntryPoint","urlTemplate":"https:\/\/in2.info\/in2info\/?s={search_term_string}"},"query-input":{"@type":"PropertyValueSpecification","valueRequired":true,"valueName":"search_term_string"}}],"inLanguage":"de"},{"@type":"Organization","@id":"https:\/\/in2.info\/in2info\/#organization","name":"in2info","url":"https:\/\/in2.info\/in2info\/","logo":{"@type":"ImageObject","inLanguage":"de","@id":"https:\/\/in2.info\/in2info\/#\/schema\/logo\/image\/","url":"https:\/\/in2.info\/in2info\/wp-content\/uploads\/2015\/10\/logo_new38b.png","contentUrl":"https:\/\/in2.info\/in2info\/wp-content\/uploads\/2015\/10\/logo_new38b.png","width":510,"height":169,"caption":"in2info"},"image":{"@id":"https:\/\/in2.info\/in2info\/#\/schema\/logo\/image\/"}}]}},"_links":{"self":[{"href":"https:\/\/in2.info\/in2info\/wp-json\/wp\/v2\/pages\/2629","targetHints":{"allow":["GET"]}}],"collection":[{"href":"https:\/\/in2.info\/in2info\/wp-json\/wp\/v2\/pages"}],"about":[{"href":"https:\/\/in2.info\/in2info\/wp-json\/wp\/v2\/types\/page"}],"author":[{"embeddable":true,"href":"https:\/\/in2.info\/in2info\/wp-json\/wp\/v2\/users\/1"}],"replies":[{"embeddable":true,"href":"https:\/\/in2.info\/in2info\/wp-json\/wp\/v2\/comments?post=2629"}],"version-history":[{"count":0,"href":"https:\/\/in2.info\/in2info\/wp-json\/wp\/v2\/pages\/2629\/revisions"}],"wp:attachment":[{"href":"https:\/\/in2.info\/in2info\/wp-json\/wp\/v2\/media?parent=2629"}],"curies":[{"name":"wp","href":"https:\/\/api.w.org\/{rel}","templated":true}]}}