{"id":479,"date":"2014-11-29T13:35:59","date_gmt":"2014-11-29T13:35:59","guid":{"rendered":"http:\/\/in2.info\/in2info\/?page_id=479"},"modified":"2016-03-17T20:39:18","modified_gmt":"2016-03-17T19:39:18","slug":"leistungen","status":"publish","type":"page","link":"https:\/\/in2.info\/in2info\/leistungen\/","title":{"rendered":"Leistungen"},"content":{"rendered":"<div id=\"pl-479\"  class=\"panel-layout\" ><div id=\"pg-479-0\"  class=\"panel-grid panel-no-style\" ><div id=\"pgc-479-0-0\"  class=\"panel-grid-cell\" ><div id=\"panel-479-0-0-0\" class=\"so-panel widget widget_origin_list panel-first-child panel-last-child\" data-index=\"0\" ><div class=\"origin-widget origin-widget-list origin-widget-list-simple-turquoise\"><p><\/br><br \/>\n<b><\/p>\n<h2>F\u00fcr jede Website werden folgende Leistungen erbracht:<\/b><\/h2>\n<p><b><\/p>\n<h3>Erstellung Ihrer Homepage<\/h3>\n<p><\/b><\/p>\n<p>\u25baIndividuelles Webdesign und Programmierung \u2013 Ihre Homepage wird an Ihre Bed\u00fcrfnisse angepasst.<br \/>\n\u25baResponsives Design \u2013 Optimiert f\u00fcr Handy und Tablett.<br \/>\n\u25baSocial Media Integration \u2013 Facebook, Google+, etc... - Verpassen Sie nicht den Umstieg!<br \/>\n\u25baSuchmaschinenoptimierte Programmierung \u2013 sp\u00fcrbare Verbesserung im Ranking der Suchmaschinen.<br \/>\n\u25baEinfache Bedienung der Homepage (Content Management Systems) \u2013 Sie k\u00f6nnen selbst Inhalte (Text und Bild) ver\u00e4ndern<br \/>\n\u25baWebshops \u2013 Ein Webshop bietet Ihnen die M\u00f6glichkeit, Ihre Produkte schnell und unkompliziert zu verkaufen.<br \/>\n\u25baMehrsprachigkeit \u2013 Gerne biete ich Ihnen Mehrsprachigkeit an, das erweitert die Reichweite Ihrer Homepage enorm.<br \/>\n\u25baMailkonten \u2013 bis zu 5 Mailkonten sind inklusive.<br \/>\n\u25baKostentransparenz \u2013 Monatliche Reports \u00fcber geleistete Arbeit und Besucherentwicklung<\/p>\n<p><b><\/p>\n<h3>Laufende Betreuung<\/b><\/h3>\n<p>Pers\u00f6nliche Betreuung und kompetente Beratung bei allen Ihrer Fragen und Anliegen auch nach Fertigstellung der Website -<br \/>\n<b>Ich lasse Sie nicht im Stich!<\/b><\/p>\n<p><b><\/p>\n<h3>St\u00e4ndige Securitychecks, Loganalyse, Updates und Backups<\/b><\/h3>\n<p>\u25baAlle 5 Minuten wird getestet, ob die Seite noch erreichbar ist.<br \/>\n\u25baAlle 20 Minuten wird die gesamte Webseite inkl. aller Softwarekomponenten auf Updates \u00fcberpr\u00fcft.<br \/>\n\u25baT\u00e4glich wird Ihre Seite auf Viren, Mallware und sonstige Unregelm\u00e4ssigkeiten gescant.<br \/>\n\u25baJede Woche (auf Wunsch auch \u00f6fter) wird ein komplettes Backup der Seite erstellt.<br \/>\n\u25baJedes Monat (auf Wunsch auch \u00f6fter) wird ein Report \u00fcber Backups und Updates an Ihre email-Adresse verschickt.<br \/>\n\u25baJedes Monat (auf Wunsch auch \u00f6fter) wird eine Auswertung \u00fcber die Besuchszahlen an Ihre email-Adresse verschickt.<br \/>\n\u25baUnunterbrochen wird \u00fcberpr\u00fcft, ob es unerlaubte Loginversuche oder Angriffe auf die Seite gibt.<\/p>\n<p>Bei allen \u00dcberpr\u00fcfungen werde ich \u00fcber das Ergebnis sofort informiert und kann im Bedarfsfall umgehend reagieren.<\/p>\n<\/div><\/div><\/div><\/div><\/div>","protected":false},"excerpt":{"rendered":"<p>F\u00fcr jede Website werden folgende Leistungen erbracht: Erstellung Ihrer Homepage \u25baIndividuelles Webdesign und Programmierung \u2013 Ihre Homepage wird an Ihre Bed\u00fcrfnisse angepasst. \u25baResponsives Design \u2013 Optimiert f\u00fcr Handy und Tablett. \u25baSocial Media Integration \u2013 Facebook, Google+, etc&#8230; &#8211; Verpassen Sie nicht den Umstieg! \u25baSuchmaschinenoptimierte Programmierung \u2013 sp\u00fcrbare Verbesserung im Ranking der Suchmaschinen. \u25baEinfache Bedienung der [&hellip;]<\/p>\n","protected":false},"author":1,"featured_media":0,"parent":0,"menu_order":0,"comment_status":"closed","ping_status":"closed","template":"","meta":{"footnotes":""},"class_list":["post-479","page","type-page","status-publish","hentry"],"yoast_head":"<!-- This site is optimized with the Yoast SEO plugin v27.3 - https:\/\/yoast.com\/product\/yoast-seo-wordpress\/ -->\n<title>Leistungen<\/title>\n<meta name=\"description\" content=\"Leistungen Backups Securitychecks reporting Kostentransparenz Mallware Viren\" \/>\n<meta name=\"robots\" content=\"index, follow, max-snippet:-1, max-image-preview:large, max-video-preview:-1\" \/>\n<link rel=\"canonical\" href=\"https:\/\/in2.info\/in2info\/leistungen\/\" \/>\n<meta property=\"og:locale\" content=\"de_DE\" \/>\n<meta property=\"og:type\" content=\"article\" \/>\n<meta property=\"og:title\" content=\"Leistungen\" \/>\n<meta property=\"og:description\" content=\"Leistungen Backups Securitychecks reporting Kostentransparenz Mallware Viren\" \/>\n<meta property=\"og:url\" content=\"https:\/\/in2.info\/in2info\/leistungen\/\" \/>\n<meta property=\"og:site_name\" content=\"in2info\" \/>\n<meta property=\"article:modified_time\" content=\"2016-03-17T19:39:18+00:00\" \/>\n<meta name=\"twitter:label1\" content=\"Gesch\u00e4tzte Lesezeit\" \/>\n\t<meta name=\"twitter:data1\" content=\"1\u00a0Minute\" \/>\n<script type=\"application\/ld+json\" class=\"yoast-schema-graph\">{\"@context\":\"https:\\\/\\\/schema.org\",\"@graph\":[{\"@type\":\"WebPage\",\"@id\":\"https:\\\/\\\/in2.info\\\/in2info\\\/leistungen\\\/\",\"url\":\"https:\\\/\\\/in2.info\\\/in2info\\\/leistungen\\\/\",\"name\":\"Leistungen\",\"isPartOf\":{\"@id\":\"https:\\\/\\\/in2.info\\\/in2info\\\/#website\"},\"datePublished\":\"2014-11-29T13:35:59+00:00\",\"dateModified\":\"2016-03-17T19:39:18+00:00\",\"description\":\"Leistungen Backups Securitychecks reporting Kostentransparenz Mallware Viren\",\"breadcrumb\":{\"@id\":\"https:\\\/\\\/in2.info\\\/in2info\\\/leistungen\\\/#breadcrumb\"},\"inLanguage\":\"de\",\"potentialAction\":[{\"@type\":\"ReadAction\",\"target\":[\"https:\\\/\\\/in2.info\\\/in2info\\\/leistungen\\\/\"]}]},{\"@type\":\"BreadcrumbList\",\"@id\":\"https:\\\/\\\/in2.info\\\/in2info\\\/leistungen\\\/#breadcrumb\",\"itemListElement\":[{\"@type\":\"ListItem\",\"position\":1,\"name\":\"Startseite\",\"item\":\"https:\\\/\\\/in2.info\\\/in2info\\\/\"},{\"@type\":\"ListItem\",\"position\":2,\"name\":\"Leistungen\"}]},{\"@type\":\"WebSite\",\"@id\":\"https:\\\/\\\/in2.info\\\/in2info\\\/#website\",\"url\":\"https:\\\/\\\/in2.info\\\/in2info\\\/\",\"name\":\"in2info\",\"description\":\"WEBDESIGN, HOSTING und SUPPORT vom Fachmann\",\"publisher\":{\"@id\":\"https:\\\/\\\/in2.info\\\/in2info\\\/#organization\"},\"potentialAction\":[{\"@type\":\"SearchAction\",\"target\":{\"@type\":\"EntryPoint\",\"urlTemplate\":\"https:\\\/\\\/in2.info\\\/in2info\\\/?s={search_term_string}\"},\"query-input\":{\"@type\":\"PropertyValueSpecification\",\"valueRequired\":true,\"valueName\":\"search_term_string\"}}],\"inLanguage\":\"de\"},{\"@type\":\"Organization\",\"@id\":\"https:\\\/\\\/in2.info\\\/in2info\\\/#organization\",\"name\":\"in2info\",\"url\":\"https:\\\/\\\/in2.info\\\/in2info\\\/\",\"logo\":{\"@type\":\"ImageObject\",\"inLanguage\":\"de\",\"@id\":\"https:\\\/\\\/in2.info\\\/in2info\\\/#\\\/schema\\\/logo\\\/image\\\/\",\"url\":\"https:\\\/\\\/in2.info\\\/in2info\\\/wp-content\\\/uploads\\\/2015\\\/10\\\/logo_new38b.png\",\"contentUrl\":\"https:\\\/\\\/in2.info\\\/in2info\\\/wp-content\\\/uploads\\\/2015\\\/10\\\/logo_new38b.png\",\"width\":510,\"height\":169,\"caption\":\"in2info\"},\"image\":{\"@id\":\"https:\\\/\\\/in2.info\\\/in2info\\\/#\\\/schema\\\/logo\\\/image\\\/\"}}]}<\/script>\n<!-- \/ Yoast SEO plugin. -->","yoast_head_json":{"title":"Leistungen","description":"Leistungen Backups Securitychecks reporting Kostentransparenz Mallware Viren","robots":{"index":"index","follow":"follow","max-snippet":"max-snippet:-1","max-image-preview":"max-image-preview:large","max-video-preview":"max-video-preview:-1"},"canonical":"https:\/\/in2.info\/in2info\/leistungen\/","og_locale":"de_DE","og_type":"article","og_title":"Leistungen","og_description":"Leistungen Backups Securitychecks reporting Kostentransparenz Mallware Viren","og_url":"https:\/\/in2.info\/in2info\/leistungen\/","og_site_name":"in2info","article_modified_time":"2016-03-17T19:39:18+00:00","twitter_misc":{"Gesch\u00e4tzte Lesezeit":"1\u00a0Minute"},"schema":{"@context":"https:\/\/schema.org","@graph":[{"@type":"WebPage","@id":"https:\/\/in2.info\/in2info\/leistungen\/","url":"https:\/\/in2.info\/in2info\/leistungen\/","name":"Leistungen","isPartOf":{"@id":"https:\/\/in2.info\/in2info\/#website"},"datePublished":"2014-11-29T13:35:59+00:00","dateModified":"2016-03-17T19:39:18+00:00","description":"Leistungen Backups Securitychecks reporting Kostentransparenz Mallware Viren","breadcrumb":{"@id":"https:\/\/in2.info\/in2info\/leistungen\/#breadcrumb"},"inLanguage":"de","potentialAction":[{"@type":"ReadAction","target":["https:\/\/in2.info\/in2info\/leistungen\/"]}]},{"@type":"BreadcrumbList","@id":"https:\/\/in2.info\/in2info\/leistungen\/#breadcrumb","itemListElement":[{"@type":"ListItem","position":1,"name":"Startseite","item":"https:\/\/in2.info\/in2info\/"},{"@type":"ListItem","position":2,"name":"Leistungen"}]},{"@type":"WebSite","@id":"https:\/\/in2.info\/in2info\/#website","url":"https:\/\/in2.info\/in2info\/","name":"in2info","description":"WEBDESIGN, HOSTING und SUPPORT vom Fachmann","publisher":{"@id":"https:\/\/in2.info\/in2info\/#organization"},"potentialAction":[{"@type":"SearchAction","target":{"@type":"EntryPoint","urlTemplate":"https:\/\/in2.info\/in2info\/?s={search_term_string}"},"query-input":{"@type":"PropertyValueSpecification","valueRequired":true,"valueName":"search_term_string"}}],"inLanguage":"de"},{"@type":"Organization","@id":"https:\/\/in2.info\/in2info\/#organization","name":"in2info","url":"https:\/\/in2.info\/in2info\/","logo":{"@type":"ImageObject","inLanguage":"de","@id":"https:\/\/in2.info\/in2info\/#\/schema\/logo\/image\/","url":"https:\/\/in2.info\/in2info\/wp-content\/uploads\/2015\/10\/logo_new38b.png","contentUrl":"https:\/\/in2.info\/in2info\/wp-content\/uploads\/2015\/10\/logo_new38b.png","width":510,"height":169,"caption":"in2info"},"image":{"@id":"https:\/\/in2.info\/in2info\/#\/schema\/logo\/image\/"}}]}},"_links":{"self":[{"href":"https:\/\/in2.info\/in2info\/wp-json\/wp\/v2\/pages\/479","targetHints":{"allow":["GET"]}}],"collection":[{"href":"https:\/\/in2.info\/in2info\/wp-json\/wp\/v2\/pages"}],"about":[{"href":"https:\/\/in2.info\/in2info\/wp-json\/wp\/v2\/types\/page"}],"author":[{"embeddable":true,"href":"https:\/\/in2.info\/in2info\/wp-json\/wp\/v2\/users\/1"}],"replies":[{"embeddable":true,"href":"https:\/\/in2.info\/in2info\/wp-json\/wp\/v2\/comments?post=479"}],"version-history":[{"count":0,"href":"https:\/\/in2.info\/in2info\/wp-json\/wp\/v2\/pages\/479\/revisions"}],"wp:attachment":[{"href":"https:\/\/in2.info\/in2info\/wp-json\/wp\/v2\/media?parent=479"}],"curies":[{"name":"wp","href":"https:\/\/api.w.org\/{rel}","templated":true}]}}