{"id":616,"date":"2015-10-10T15:16:28","date_gmt":"2015-10-10T13:16:28","guid":{"rendered":"http:\/\/in2.info\/in2info\/?page_id=616"},"modified":"2016-10-20T21:27:54","modified_gmt":"2016-10-20T19:27:54","slug":"sicherheit-wartung-support","status":"publish","type":"page","link":"https:\/\/in2.info\/in2info\/sicherheit-wartung-support\/","title":{"rendered":"Sicherheit"},"content":{"rendered":"<h1>Wartung und Support f\u00fcr bestehende WordPressinstallationen<\/h1>\n<p>Ich \u00fcbernehme auch Wartung und Support f\u00fcr bestehende WordPressinstallationen.<\/p>\n<h3>Da <a href=\"http:\/\/www.scmagazineuk.com\/millions-of-wordpress-sites-open-to-attack\/article\/411725\/\" target=\"_blank\">automatisierte Angriffe auf WordPress zunehmen<\/a>, ist es absolut notwendig seine Seite zu sch\u00fctzen und zu \u00fcberwachen.<\/h3>\n<h3><b>St\u00e4ndige Securitychecks, Loganalyse, Updates und Backups<\/b><\/h3>\n<p>\u25baAlle <strong>5 Minuten<\/strong> wird getestet, ob die Seite noch erreichbar ist.<br \/>\n\u25baAlle <strong>20 Minuten<\/strong> wird die <strong>gesamte<\/strong> Webseite inkl. aller Softwarekomponenten <strong>auf Updates \u00fcberpr\u00fcft<\/strong>.<br \/>\n\u25ba<strong>T\u00e4glich<\/strong> wird Ihre Seite auf Viren, Mallware und sonstige Unregelm\u00e4ssigkeiten gescant.<br \/>\n\u25baJede Woche (auf Wunsch auch \u00f6fter) wird ein komplettes Backup der Seite erstellt.<br \/>\n\u25baJedes Monat (auf Wunsch auch \u00f6fter) wird ein Report \u00fcber Backups und Updates an Ihre email-Adresse verschickt.<br \/>\n\u25baJedes Monat (auf Wunsch auch \u00f6fter) wird eine Auswertung \u00fcber die Besuchszahlen an Ihre email-Adresse verschickt.<br \/>\n\u25baUnunterbrochen wird \u00fcberpr\u00fcft, ob es unerlaubte Loginversuche oder Angriffe auf die Seite gibt.<\/p>\n<p><strong>Bei allen \u00dcberpr\u00fcfungen werde ich \u00fcber das Ergebnis sofort informiert und kann im Bedarfsfall umgehend reagieren.<\/strong><\/p>\n","protected":false},"excerpt":{"rendered":"<p>Wartung und Support f\u00fcr bestehende WordPressinstallationen Ich \u00fcbernehme auch Wartung und Support f\u00fcr bestehende WordPressinstallationen. Da automatisierte Angriffe auf WordPress zunehmen, ist es absolut notwendig seine Seite zu sch\u00fctzen und zu \u00fcberwachen. St\u00e4ndige Securitychecks, Loganalyse, Updates und Backups \u25baAlle 5 Minuten wird getestet, ob die Seite noch erreichbar ist. \u25baAlle 20 Minuten wird die gesamte [&hellip;]<\/p>\n","protected":false},"author":1,"featured_media":0,"parent":0,"menu_order":0,"comment_status":"closed","ping_status":"closed","template":"","meta":{"footnotes":""},"class_list":["post-616","page","type-page","status-publish","hentry"],"yoast_head":"<!-- This site is optimized with the Yoast SEO plugin v27.5 - https:\/\/yoast.com\/product\/yoast-seo-wordpress\/ -->\n<title>Wartung und Support f\u00fcr bestehende Wordpressinstallationen<\/title>\n<meta name=\"description\" content=\"Wartung und Support f\u00fcr bestehende Wordpressinstallationen St\u00e4ndige Securitychecks, Loganalyse, Updates und Backups, Reports regelm\u00e4ssige scans\" \/>\n<meta name=\"robots\" content=\"index, follow, max-snippet:-1, max-image-preview:large, max-video-preview:-1\" \/>\n<link rel=\"canonical\" href=\"https:\/\/in2.info\/in2info\/sicherheit-wartung-support\/\" \/>\n<meta property=\"og:locale\" content=\"de_DE\" \/>\n<meta property=\"og:type\" content=\"article\" \/>\n<meta property=\"og:title\" content=\"Wartung und Support f\u00fcr bestehende Wordpressinstallationen\" \/>\n<meta property=\"og:description\" content=\"Wartung und Support f\u00fcr bestehende Wordpressinstallationen St\u00e4ndige Securitychecks, Loganalyse, Updates und Backups, Reports regelm\u00e4ssige scans\" \/>\n<meta property=\"og:url\" content=\"https:\/\/in2.info\/in2info\/sicherheit-wartung-support\/\" \/>\n<meta property=\"og:site_name\" content=\"in2info\" \/>\n<meta property=\"article:modified_time\" content=\"2016-10-20T19:27:54+00:00\" \/>\n<meta name=\"twitter:label1\" content=\"Gesch\u00e4tzte Lesezeit\" \/>\n\t<meta name=\"twitter:data1\" content=\"1\u00a0Minute\" \/>\n<script type=\"application\/ld+json\" class=\"yoast-schema-graph\">{\"@context\":\"https:\\\/\\\/schema.org\",\"@graph\":[{\"@type\":\"WebPage\",\"@id\":\"https:\\\/\\\/in2.info\\\/in2info\\\/sicherheit-wartung-support\\\/\",\"url\":\"https:\\\/\\\/in2.info\\\/in2info\\\/sicherheit-wartung-support\\\/\",\"name\":\"Wartung und Support f\u00fcr bestehende Wordpressinstallationen\",\"isPartOf\":{\"@id\":\"https:\\\/\\\/in2.info\\\/in2info\\\/#website\"},\"datePublished\":\"2015-10-10T13:16:28+00:00\",\"dateModified\":\"2016-10-20T19:27:54+00:00\",\"description\":\"Wartung und Support f\u00fcr bestehende Wordpressinstallationen St\u00e4ndige Securitychecks, Loganalyse, Updates und Backups, Reports regelm\u00e4ssige scans\",\"breadcrumb\":{\"@id\":\"https:\\\/\\\/in2.info\\\/in2info\\\/sicherheit-wartung-support\\\/#breadcrumb\"},\"inLanguage\":\"de\",\"potentialAction\":[{\"@type\":\"ReadAction\",\"target\":[\"https:\\\/\\\/in2.info\\\/in2info\\\/sicherheit-wartung-support\\\/\"]}]},{\"@type\":\"BreadcrumbList\",\"@id\":\"https:\\\/\\\/in2.info\\\/in2info\\\/sicherheit-wartung-support\\\/#breadcrumb\",\"itemListElement\":[{\"@type\":\"ListItem\",\"position\":1,\"name\":\"Startseite\",\"item\":\"https:\\\/\\\/in2.info\\\/in2info\\\/\"},{\"@type\":\"ListItem\",\"position\":2,\"name\":\"Sicherheit\"}]},{\"@type\":\"WebSite\",\"@id\":\"https:\\\/\\\/in2.info\\\/in2info\\\/#website\",\"url\":\"https:\\\/\\\/in2.info\\\/in2info\\\/\",\"name\":\"in2info\",\"description\":\"WEBDESIGN, HOSTING und SUPPORT vom Fachmann\",\"publisher\":{\"@id\":\"https:\\\/\\\/in2.info\\\/in2info\\\/#organization\"},\"potentialAction\":[{\"@type\":\"SearchAction\",\"target\":{\"@type\":\"EntryPoint\",\"urlTemplate\":\"https:\\\/\\\/in2.info\\\/in2info\\\/?s={search_term_string}\"},\"query-input\":{\"@type\":\"PropertyValueSpecification\",\"valueRequired\":true,\"valueName\":\"search_term_string\"}}],\"inLanguage\":\"de\"},{\"@type\":\"Organization\",\"@id\":\"https:\\\/\\\/in2.info\\\/in2info\\\/#organization\",\"name\":\"in2info\",\"url\":\"https:\\\/\\\/in2.info\\\/in2info\\\/\",\"logo\":{\"@type\":\"ImageObject\",\"inLanguage\":\"de\",\"@id\":\"https:\\\/\\\/in2.info\\\/in2info\\\/#\\\/schema\\\/logo\\\/image\\\/\",\"url\":\"https:\\\/\\\/in2.info\\\/in2info\\\/wp-content\\\/uploads\\\/2015\\\/10\\\/logo_new38b.png\",\"contentUrl\":\"https:\\\/\\\/in2.info\\\/in2info\\\/wp-content\\\/uploads\\\/2015\\\/10\\\/logo_new38b.png\",\"width\":510,\"height\":169,\"caption\":\"in2info\"},\"image\":{\"@id\":\"https:\\\/\\\/in2.info\\\/in2info\\\/#\\\/schema\\\/logo\\\/image\\\/\"}}]}<\/script>\n<!-- \/ Yoast SEO plugin. -->","yoast_head_json":{"title":"Wartung und Support f\u00fcr bestehende Wordpressinstallationen","description":"Wartung und Support f\u00fcr bestehende Wordpressinstallationen St\u00e4ndige Securitychecks, Loganalyse, Updates und Backups, Reports regelm\u00e4ssige scans","robots":{"index":"index","follow":"follow","max-snippet":"max-snippet:-1","max-image-preview":"max-image-preview:large","max-video-preview":"max-video-preview:-1"},"canonical":"https:\/\/in2.info\/in2info\/sicherheit-wartung-support\/","og_locale":"de_DE","og_type":"article","og_title":"Wartung und Support f\u00fcr bestehende Wordpressinstallationen","og_description":"Wartung und Support f\u00fcr bestehende Wordpressinstallationen St\u00e4ndige Securitychecks, Loganalyse, Updates und Backups, Reports regelm\u00e4ssige scans","og_url":"https:\/\/in2.info\/in2info\/sicherheit-wartung-support\/","og_site_name":"in2info","article_modified_time":"2016-10-20T19:27:54+00:00","twitter_misc":{"Gesch\u00e4tzte Lesezeit":"1\u00a0Minute"},"schema":{"@context":"https:\/\/schema.org","@graph":[{"@type":"WebPage","@id":"https:\/\/in2.info\/in2info\/sicherheit-wartung-support\/","url":"https:\/\/in2.info\/in2info\/sicherheit-wartung-support\/","name":"Wartung und Support f\u00fcr bestehende Wordpressinstallationen","isPartOf":{"@id":"https:\/\/in2.info\/in2info\/#website"},"datePublished":"2015-10-10T13:16:28+00:00","dateModified":"2016-10-20T19:27:54+00:00","description":"Wartung und Support f\u00fcr bestehende Wordpressinstallationen St\u00e4ndige Securitychecks, Loganalyse, Updates und Backups, Reports regelm\u00e4ssige scans","breadcrumb":{"@id":"https:\/\/in2.info\/in2info\/sicherheit-wartung-support\/#breadcrumb"},"inLanguage":"de","potentialAction":[{"@type":"ReadAction","target":["https:\/\/in2.info\/in2info\/sicherheit-wartung-support\/"]}]},{"@type":"BreadcrumbList","@id":"https:\/\/in2.info\/in2info\/sicherheit-wartung-support\/#breadcrumb","itemListElement":[{"@type":"ListItem","position":1,"name":"Startseite","item":"https:\/\/in2.info\/in2info\/"},{"@type":"ListItem","position":2,"name":"Sicherheit"}]},{"@type":"WebSite","@id":"https:\/\/in2.info\/in2info\/#website","url":"https:\/\/in2.info\/in2info\/","name":"in2info","description":"WEBDESIGN, HOSTING und SUPPORT vom Fachmann","publisher":{"@id":"https:\/\/in2.info\/in2info\/#organization"},"potentialAction":[{"@type":"SearchAction","target":{"@type":"EntryPoint","urlTemplate":"https:\/\/in2.info\/in2info\/?s={search_term_string}"},"query-input":{"@type":"PropertyValueSpecification","valueRequired":true,"valueName":"search_term_string"}}],"inLanguage":"de"},{"@type":"Organization","@id":"https:\/\/in2.info\/in2info\/#organization","name":"in2info","url":"https:\/\/in2.info\/in2info\/","logo":{"@type":"ImageObject","inLanguage":"de","@id":"https:\/\/in2.info\/in2info\/#\/schema\/logo\/image\/","url":"https:\/\/in2.info\/in2info\/wp-content\/uploads\/2015\/10\/logo_new38b.png","contentUrl":"https:\/\/in2.info\/in2info\/wp-content\/uploads\/2015\/10\/logo_new38b.png","width":510,"height":169,"caption":"in2info"},"image":{"@id":"https:\/\/in2.info\/in2info\/#\/schema\/logo\/image\/"}}]}},"_links":{"self":[{"href":"https:\/\/in2.info\/in2info\/wp-json\/wp\/v2\/pages\/616","targetHints":{"allow":["GET"]}}],"collection":[{"href":"https:\/\/in2.info\/in2info\/wp-json\/wp\/v2\/pages"}],"about":[{"href":"https:\/\/in2.info\/in2info\/wp-json\/wp\/v2\/types\/page"}],"author":[{"embeddable":true,"href":"https:\/\/in2.info\/in2info\/wp-json\/wp\/v2\/users\/1"}],"replies":[{"embeddable":true,"href":"https:\/\/in2.info\/in2info\/wp-json\/wp\/v2\/comments?post=616"}],"version-history":[{"count":0,"href":"https:\/\/in2.info\/in2info\/wp-json\/wp\/v2\/pages\/616\/revisions"}],"wp:attachment":[{"href":"https:\/\/in2.info\/in2info\/wp-json\/wp\/v2\/media?parent=616"}],"curies":[{"name":"wp","href":"https:\/\/api.w.org\/{rel}","templated":true}]}}